{"id":1208,"date":"2021-03-04T14:57:38","date_gmt":"2021-03-04T14:57:38","guid":{"rendered":"https:\/\/oefardas.pt\/?post_type=product&#038;p=1208"},"modified":"2021-03-04T14:57:38","modified_gmt":"2021-03-04T14:57:38","slug":"colete-softshell-kariban-senhora-ind-k404","status":"publish","type":"product","link":"https:\/\/oefardas.pt\/?product=colete-softshell-kariban-senhora-ind-k404","title":{"rendered":"COLETE SOFTSHELL KARIBAN SENHORA &#8211; IND\/K404"},"content":{"rendered":"","protected":false},"excerpt":{"rendered":"<p>Tecido ultra leve<br \/>\nSoftshell com 3 camadas para uma prote\u00e7\u00e3o excelente.<br \/>\nTecido respir\u00e1vel e resistente \u00e0 \u00e1gua at\u00e9 8000 mm.<br \/>\nMembrana t\u00e9cnica corta-vento, respir\u00e1vel e imperme\u00e1vel.<br \/>\nOferece um conforto excelente gra\u00e7as ao material el\u00e1stico.<br \/>\nFecho inteiro.<br \/>\n2 Bolsos frontais com fecho.<br \/>\n1 Bolso com fecho no peito direito. <\/p>\n<h5>Caracter\u00edsticas:<\/h5>\n<p>95% Poli\u00e9ster 5% Elastano<br \/>\n300 G\/M<\/p>\n<h5>Tamanhos:<\/h5>\n<p>S \u2013 M \u2013 L \u2013 XL \u2013 XXL \u2013 3XL<\/p>\n","protected":false},"featured_media":1212,"template":"","meta":[],"product_brand":[],"product_cat":[45],"product_tag":[],"class_list":{"0":"post-1208","1":"product","2":"type-product","3":"status-publish","4":"has-post-thumbnail","6":"product_cat-industria","8":"first","9":"instock","10":"shipping-taxable","11":"product-type-simple"},"_links":{"self":[{"href":"https:\/\/oefardas.pt\/index.php?rest_route=\/wp\/v2\/product\/1208","targetHints":{"allow":["GET"]}}],"collection":[{"href":"https:\/\/oefardas.pt\/index.php?rest_route=\/wp\/v2\/product"}],"about":[{"href":"https:\/\/oefardas.pt\/index.php?rest_route=\/wp\/v2\/types\/product"}],"wp:featuredmedia":[{"embeddable":true,"href":"https:\/\/oefardas.pt\/index.php?rest_route=\/wp\/v2\/media\/1212"}],"wp:attachment":[{"href":"https:\/\/oefardas.pt\/index.php?rest_route=%2Fwp%2Fv2%2Fmedia&parent=1208"}],"wp:term":[{"taxonomy":"product_brand","embeddable":true,"href":"https:\/\/oefardas.pt\/index.php?rest_route=%2Fwp%2Fv2%2Fproduct_brand&post=1208"},{"taxonomy":"product_cat","embeddable":true,"href":"https:\/\/oefardas.pt\/index.php?rest_route=%2Fwp%2Fv2%2Fproduct_cat&post=1208"},{"taxonomy":"product_tag","embeddable":true,"href":"https:\/\/oefardas.pt\/index.php?rest_route=%2Fwp%2Fv2%2Fproduct_tag&post=1208"}],"curies":[{"name":"wp","href":"https:\/\/api.w.org\/{rel}","templated":true}]}}