{"id":1349,"date":"2021-03-05T19:27:03","date_gmt":"2021-03-05T19:27:03","guid":{"rendered":"https:\/\/oefardas.pt\/?post_type=product&#038;p=1349"},"modified":"2021-03-05T19:27:03","modified_gmt":"2021-03-05T19:27:03","slug":"jardineira-ind-p290","status":"publish","type":"product","link":"https:\/\/oefardas.pt\/?product=jardineira-ind-p290","title":{"rendered":"JARDINEIRA &#8211; IND\/P290"},"content":{"rendered":"","protected":false},"excerpt":{"rendered":"<p>Fecho-ecler central;<br \/>\nFivelas de PVC;<br \/>\nBot\u00f5es nas laterais da cintura;<br \/>\nC\u00f3s e suspens\u00f3rios el\u00e1sticos;<br \/>\nPin\u00e7as;<br \/>\nCostura dupla de seguran\u00e7a.<\/p>\n<p><strong>Seis bolsos:<\/strong><br \/>\n1 bolso de remendo no peito, com fecho-ecler;<br \/>\n2 bolsos inferiores de remendo;<br \/>\n1 bolso traseiro de remendo;<br \/>\n2 bolsos para ferramentas na perna direita, um sobre o outro.<\/p>\n<h5>Caracter\u00edsticas:<\/h5>\n<p>SARJA. 65% POLI\u00c9STER \u2013 35% ALGOD\u00c3O<\/p>\n<h5>Tamanhos:<\/h5>\n<div class=\"item-content item-sizes\">\n<div class=\"swatch-attribute-options clearfix\" tabindex=\"0\" role=\"listbox\" aria-activedescendant=\"\" aria-invalid=\"false\" aria-required=\"true\" aria-labelledby=\"option-label-size-216\">\n<div id=\"option-label-size-216-item-40\" class=\"swatch-option text\" tabindex=\"0\" role=\"option\" aria-checked=\"false\" aria-describedby=\"option-label-size-216\" data-option-type=\"0\" data-option-id=\"40\" data-option-label=\"48\" aria-label=\"48\" data-thumb-width=\"110\" data-thumb-height=\"90\" data-option-tooltip-value=\"48\">34 &#8211; 36 &#8211; 38 &#8211; 40 &#8211; 42 &#8211; 44 &#8211; 46 &#8211; 48 \u2013 50 \u2013 52 \u2013 54 \u2013 56 \u2013 58 \u2013 60<\/div>\n<\/div>\n<\/div>\n","protected":false},"featured_media":1351,"template":"","meta":[],"product_brand":[],"product_cat":[45],"product_tag":[],"class_list":{"0":"post-1349","1":"product","2":"type-product","3":"status-publish","4":"has-post-thumbnail","6":"product_cat-industria","8":"first","9":"instock","10":"shipping-taxable","11":"product-type-simple"},"_links":{"self":[{"href":"https:\/\/oefardas.pt\/index.php?rest_route=\/wp\/v2\/product\/1349","targetHints":{"allow":["GET"]}}],"collection":[{"href":"https:\/\/oefardas.pt\/index.php?rest_route=\/wp\/v2\/product"}],"about":[{"href":"https:\/\/oefardas.pt\/index.php?rest_route=\/wp\/v2\/types\/product"}],"wp:featuredmedia":[{"embeddable":true,"href":"https:\/\/oefardas.pt\/index.php?rest_route=\/wp\/v2\/media\/1351"}],"wp:attachment":[{"href":"https:\/\/oefardas.pt\/index.php?rest_route=%2Fwp%2Fv2%2Fmedia&parent=1349"}],"wp:term":[{"taxonomy":"product_brand","embeddable":true,"href":"https:\/\/oefardas.pt\/index.php?rest_route=%2Fwp%2Fv2%2Fproduct_brand&post=1349"},{"taxonomy":"product_cat","embeddable":true,"href":"https:\/\/oefardas.pt\/index.php?rest_route=%2Fwp%2Fv2%2Fproduct_cat&post=1349"},{"taxonomy":"product_tag","embeddable":true,"href":"https:\/\/oefardas.pt\/index.php?rest_route=%2Fwp%2Fv2%2Fproduct_tag&post=1349"}],"curies":[{"name":"wp","href":"https:\/\/api.w.org\/{rel}","templated":true}]}}