{"id":1361,"date":"2021-03-05T19:38:45","date_gmt":"2021-03-05T19:38:45","guid":{"rendered":"https:\/\/oefardas.pt\/?post_type=product&#038;p=1361"},"modified":"2021-03-05T19:38:45","modified_gmt":"2021-03-05T19:38:45","slug":"mascara-ffp2-c-valvula-ind-ds7822","status":"publish","type":"product","link":"https:\/\/oefardas.pt\/?product=mascara-ffp2-c-valvula-ind-ds7822","title":{"rendered":"M\u00c1SCARA FFP2 C\/ V\u00c1LVULA &#8211; IND\/DS7822"},"content":{"rendered":"","protected":false},"excerpt":{"rendered":"<p>M\u00e1scara de filtragem \u00e0 base de \u00e1gua para poeira t\u00f3xica, n\u00e9voas e fuma\u00e7a.<br \/>\nO n\u00edvel de prote\u00e7\u00e3o \u00e9 igual a 12 vezes o TLV (Valor Limite de Exposi\u00e7\u00e3o).<br \/>\nA m\u00e1scara possui uma v\u00e1lvula respirat\u00f3ria. <\/p>\n<p><strong>Blister:<\/strong> 1 blister de 2 unidades.<br \/>\n<strong>Embalagem:<\/strong> 20 blisters de 2 unidades.<\/p>\n<h5>Tamanho:<\/h5>\n<p>\u00danico. <\/p>\n","protected":false},"featured_media":1362,"template":"","meta":[],"product_brand":[],"product_cat":[45],"product_tag":[],"class_list":{"0":"post-1361","1":"product","2":"type-product","3":"status-publish","4":"has-post-thumbnail","6":"product_cat-industria","8":"first","9":"instock","10":"shipping-taxable","11":"product-type-simple"},"_links":{"self":[{"href":"https:\/\/oefardas.pt\/index.php?rest_route=\/wp\/v2\/product\/1361","targetHints":{"allow":["GET"]}}],"collection":[{"href":"https:\/\/oefardas.pt\/index.php?rest_route=\/wp\/v2\/product"}],"about":[{"href":"https:\/\/oefardas.pt\/index.php?rest_route=\/wp\/v2\/types\/product"}],"wp:featuredmedia":[{"embeddable":true,"href":"https:\/\/oefardas.pt\/index.php?rest_route=\/wp\/v2\/media\/1362"}],"wp:attachment":[{"href":"https:\/\/oefardas.pt\/index.php?rest_route=%2Fwp%2Fv2%2Fmedia&parent=1361"}],"wp:term":[{"taxonomy":"product_brand","embeddable":true,"href":"https:\/\/oefardas.pt\/index.php?rest_route=%2Fwp%2Fv2%2Fproduct_brand&post=1361"},{"taxonomy":"product_cat","embeddable":true,"href":"https:\/\/oefardas.pt\/index.php?rest_route=%2Fwp%2Fv2%2Fproduct_cat&post=1361"},{"taxonomy":"product_tag","embeddable":true,"href":"https:\/\/oefardas.pt\/index.php?rest_route=%2Fwp%2Fv2%2Fproduct_tag&post=1361"}],"curies":[{"name":"wp","href":"https:\/\/api.w.org\/{rel}","templated":true}]}}