{"id":1406,"date":"2021-03-11T15:22:35","date_gmt":"2021-03-11T15:22:35","guid":{"rendered":"https:\/\/oefardas.pt\/?post_type=product&#038;p=1406"},"modified":"2021-03-11T15:22:35","modified_gmt":"2021-03-11T15:22:35","slug":"casaco-softshell-c-capuz-wkt-ind-s9212","status":"publish","type":"product","link":"https:\/\/oefardas.pt\/?product=casaco-softshell-c-capuz-wkt-ind-s9212","title":{"rendered":"CASACO SOFTSHELL C\/ CAPUZ WKT &#8211; IND\/S9212"},"content":{"rendered":"","protected":false},"excerpt":{"rendered":"<p>Casaco Workshell combinado com fitas refletoras;<br \/>\nGola alta com interior combinado;<br \/>\nCapuz desmont\u00e1vel com cord\u00e3o ajust\u00e1vel e cremalheira de nailon de fecho inverso;<br \/>\nLapela protectora interior na parte superior cobrindo o puxador;<br \/>\nDois bolsos laterais inseridos com cremalheira de nailon;<br \/>\nUm bolso no peito e outra na manga com cremalheira;<br \/>\nDuas fitas reflectoras segmentadas termo-adesivas no peito, ombros, costas e mangas;<br \/>\nFitas cosidas nas costas e laterais;<br \/>\nFita decorativa personalizada na manga;<br \/>\nPunho ajust\u00e1vel com velcro;<br \/>\nCord\u00e3o el\u00e1stico com pe\u00e7a ajust\u00e1vel na parte inferior;<br \/>\nTecido corta ventos, repelente de \u00e1gua e resistente ao rasgo com membrana interior transpir\u00e1vel;<br \/>\nIsolante e interior de alta capacidade t\u00e9rmica;<br \/>\nTecido interior suave, com forro de rede.<\/p>\n<h5>Caracter\u00edsticas:<\/h5>\n<p>100% Poli\u00e9ster<\/p>\n<h5>Gramagem:<\/h5>\n<p>350<\/p>\n<h5>Tamanhos:<\/h5>\n<p>S &#8211; M &#8211; L &#8211; XL &#8211; XXL &#8211; 3XL<\/p>\n","protected":false},"featured_media":1407,"template":"","meta":[],"product_brand":[],"product_cat":[45],"product_tag":[],"class_list":{"0":"post-1406","1":"product","2":"type-product","3":"status-publish","4":"has-post-thumbnail","6":"product_cat-industria","8":"first","9":"instock","10":"shipping-taxable","11":"product-type-simple"},"_links":{"self":[{"href":"https:\/\/oefardas.pt\/index.php?rest_route=\/wp\/v2\/product\/1406","targetHints":{"allow":["GET"]}}],"collection":[{"href":"https:\/\/oefardas.pt\/index.php?rest_route=\/wp\/v2\/product"}],"about":[{"href":"https:\/\/oefardas.pt\/index.php?rest_route=\/wp\/v2\/types\/product"}],"wp:featuredmedia":[{"embeddable":true,"href":"https:\/\/oefardas.pt\/index.php?rest_route=\/wp\/v2\/media\/1407"}],"wp:attachment":[{"href":"https:\/\/oefardas.pt\/index.php?rest_route=%2Fwp%2Fv2%2Fmedia&parent=1406"}],"wp:term":[{"taxonomy":"product_brand","embeddable":true,"href":"https:\/\/oefardas.pt\/index.php?rest_route=%2Fwp%2Fv2%2Fproduct_brand&post=1406"},{"taxonomy":"product_cat","embeddable":true,"href":"https:\/\/oefardas.pt\/index.php?rest_route=%2Fwp%2Fv2%2Fproduct_cat&post=1406"},{"taxonomy":"product_tag","embeddable":true,"href":"https:\/\/oefardas.pt\/index.php?rest_route=%2Fwp%2Fv2%2Fproduct_tag&post=1406"}],"curies":[{"name":"wp","href":"https:\/\/api.w.org\/{rel}","templated":true}]}}