{"id":1435,"date":"2021-03-11T18:12:01","date_gmt":"2021-03-11T18:12:01","guid":{"rendered":"https:\/\/oefardas.pt\/?post_type=product&#038;p=1435"},"modified":"2021-07-13T17:39:05","modified_gmt":"2021-07-13T17:39:05","slug":"bone-de-bebe-em-ganga-100-algodao-ind-1014600-0146","status":"publish","type":"product","link":"https:\/\/oefardas.pt\/?product=bone-de-bebe-em-ganga-100-algodao-ind-1014600-0146","title":{"rendered":"BON\u00c9 DE BEB\u00c9 EM GANGA 100% ALGOD\u00c3O &#8211; IND\/1014600-0146"},"content":{"rendered":"","protected":false},"excerpt":{"rendered":"<p>Regulador em velcro no tamanho de beb\u00e9;<br \/>\nRegulador em metal no tamanho de crian\u00e7a;<br \/>\n6 Pain\u00e9is.<\/p>\n<h5>Caracter\u00edsticas:<\/h5>\n<p><span id=\"MainContent_vComposition\">100% Algod\u00e3o <\/span><\/p>\n<h5>Tamanhos<\/h5>\n<div class=\"item-content item-sizes\">\n<p><span class=\"size-wrapper\"><span class=\"sizes\">44 &#8211; 46 &#8211; 48 | 50 &#8211; 52 &#8211; 54<\/span><\/span><\/p>\n<\/div>\n","protected":false},"featured_media":1436,"template":"","meta":[],"product_brand":[],"product_cat":[54],"product_tag":[],"class_list":{"0":"post-1435","1":"product","2":"type-product","3":"status-publish","4":"has-post-thumbnail","6":"product_cat-educacao-ensino","8":"first","9":"instock","10":"shipping-taxable","11":"product-type-simple"},"_links":{"self":[{"href":"https:\/\/oefardas.pt\/index.php?rest_route=\/wp\/v2\/product\/1435","targetHints":{"allow":["GET"]}}],"collection":[{"href":"https:\/\/oefardas.pt\/index.php?rest_route=\/wp\/v2\/product"}],"about":[{"href":"https:\/\/oefardas.pt\/index.php?rest_route=\/wp\/v2\/types\/product"}],"wp:featuredmedia":[{"embeddable":true,"href":"https:\/\/oefardas.pt\/index.php?rest_route=\/wp\/v2\/media\/1436"}],"wp:attachment":[{"href":"https:\/\/oefardas.pt\/index.php?rest_route=%2Fwp%2Fv2%2Fmedia&parent=1435"}],"wp:term":[{"taxonomy":"product_brand","embeddable":true,"href":"https:\/\/oefardas.pt\/index.php?rest_route=%2Fwp%2Fv2%2Fproduct_brand&post=1435"},{"taxonomy":"product_cat","embeddable":true,"href":"https:\/\/oefardas.pt\/index.php?rest_route=%2Fwp%2Fv2%2Fproduct_cat&post=1435"},{"taxonomy":"product_tag","embeddable":true,"href":"https:\/\/oefardas.pt\/index.php?rest_route=%2Fwp%2Fv2%2Fproduct_tag&post=1435"}],"curies":[{"name":"wp","href":"https:\/\/api.w.org\/{rel}","templated":true}]}}