{"id":1531,"date":"2021-03-12T12:39:00","date_gmt":"2021-03-12T12:39:00","guid":{"rendered":"https:\/\/oefardas.pt\/?post_type=product&#038;p=1531"},"modified":"2021-03-12T12:39:01","modified_gmt":"2021-03-12T12:39:01","slug":"colete-softshell-c-alta-vsiibilidade-ind-c2921","status":"publish","type":"product","link":"https:\/\/oefardas.pt\/?product=colete-softshell-c-alta-vsiibilidade-ind-c2921","title":{"rendered":"COLETE SOFTSHELL C\/ ALTA VSIIBILIDADE &#8211; IND\/C2921"},"content":{"rendered":"","protected":false},"excerpt":{"rendered":"<p>Em conformidade com o regulamento da UE 2016\/425;<br \/>\nColete Workshell com tecido Ripstop combinado, com corpetes e fitas reflectoras;<br \/>\nGola alta e fecho de correr de n\u00e1ilon;<br \/>\nUm bolso no peito e dois laterais interiores com fechos de correr de n\u00e1ilon;<br \/>\nUm bolso de chapa com fecho de correr no interior;<br \/>\nDuas fitas reflectoras de diferente tamanho no peito e nas costas;<br \/>\nDebruns refletores. Bainha;<br \/>\nTecido corta-ventos, repelente \u00e0 \u00e1gua e resistente ao rasgo com membrana interior transpir\u00e1vel e isolante no interior de alta capacidade t\u00e9rmica.<\/p>\n<h5>Caracter\u00edsticas:<\/h5>\n<p>96% Poli\u00e9ster &#8211; 4% Elastano<\/p>\n<h5>Gramagem:<\/h5>\n<p>330 g\/m<\/p>\n<h5>Tamanhos:<\/h5>\n<p>S \u2013 M \u2013 L \u2013 XL \u2013 XXL \u2013 3XL<\/p>\n","protected":false},"featured_media":1532,"template":"","meta":[],"product_brand":[],"product_cat":[45],"product_tag":[],"class_list":{"0":"post-1531","1":"product","2":"type-product","3":"status-publish","4":"has-post-thumbnail","6":"product_cat-industria","8":"first","9":"instock","10":"shipping-taxable","11":"product-type-simple"},"_links":{"self":[{"href":"https:\/\/oefardas.pt\/index.php?rest_route=\/wp\/v2\/product\/1531","targetHints":{"allow":["GET"]}}],"collection":[{"href":"https:\/\/oefardas.pt\/index.php?rest_route=\/wp\/v2\/product"}],"about":[{"href":"https:\/\/oefardas.pt\/index.php?rest_route=\/wp\/v2\/types\/product"}],"wp:featuredmedia":[{"embeddable":true,"href":"https:\/\/oefardas.pt\/index.php?rest_route=\/wp\/v2\/media\/1532"}],"wp:attachment":[{"href":"https:\/\/oefardas.pt\/index.php?rest_route=%2Fwp%2Fv2%2Fmedia&parent=1531"}],"wp:term":[{"taxonomy":"product_brand","embeddable":true,"href":"https:\/\/oefardas.pt\/index.php?rest_route=%2Fwp%2Fv2%2Fproduct_brand&post=1531"},{"taxonomy":"product_cat","embeddable":true,"href":"https:\/\/oefardas.pt\/index.php?rest_route=%2Fwp%2Fv2%2Fproduct_cat&post=1531"},{"taxonomy":"product_tag","embeddable":true,"href":"https:\/\/oefardas.pt\/index.php?rest_route=%2Fwp%2Fv2%2Fproduct_tag&post=1531"}],"curies":[{"name":"wp","href":"https:\/\/api.w.org\/{rel}","templated":true}]}}