{"id":1552,"date":"2021-03-12T15:17:53","date_gmt":"2021-03-12T15:17:53","guid":{"rendered":"https:\/\/oefardas.pt\/?post_type=product&#038;p=1552"},"modified":"2021-03-12T15:17:53","modified_gmt":"2021-03-12T15:17:53","slug":"jardineira-c-costas-ind-b2700","status":"publish","type":"product","link":"https:\/\/oefardas.pt\/?product=jardineira-c-costas-ind-b2700","title":{"rendered":"JARDINEIRA C\/ COSTAS &#8211; IND\/B2700"},"content":{"rendered":"","protected":false},"excerpt":{"rendered":"<p>Jardineira com meias costas cobertas;<br \/>\nSuspens\u00f3rios com el\u00e1stico e fivelas autom\u00e1ticas;<br \/>\nUm bolso de chapa no peito com lapela de bot\u00f5es;<br \/>\nDois bolsos de abertura inclinada nos costados;<br \/>\nUm bolso de chapa traseiro e um bolso de esp\u00e1tula;<br \/>\nFecho de bot\u00f5es nos laterais e braguilha de fecho de correr de n\u00e1ilon;<br \/>\nEl\u00e1stico nas costas.<\/p>\n<h5>Caracter\u00edsticas:<\/h5>\n<p>65% Poli\u00e9ster &#8211; 35% Algod\u00e3o<\/p>\n<h5>Gramagem:<\/h5>\n<p>200<\/p>\n<h5>Tamanhos:<\/h5>\n<p>50 &#8211; 52 &#8211; 54 &#8211; 56 &#8211; 58 &#8211; 60 &#8211; 62 &#8211; 64<\/p>\n","protected":false},"featured_media":1553,"template":"","meta":[],"product_brand":[],"product_cat":[45],"product_tag":[],"class_list":{"0":"post-1552","1":"product","2":"type-product","3":"status-publish","4":"has-post-thumbnail","6":"product_cat-industria","8":"first","9":"instock","10":"shipping-taxable","11":"product-type-simple"},"_links":{"self":[{"href":"https:\/\/oefardas.pt\/index.php?rest_route=\/wp\/v2\/product\/1552","targetHints":{"allow":["GET"]}}],"collection":[{"href":"https:\/\/oefardas.pt\/index.php?rest_route=\/wp\/v2\/product"}],"about":[{"href":"https:\/\/oefardas.pt\/index.php?rest_route=\/wp\/v2\/types\/product"}],"wp:featuredmedia":[{"embeddable":true,"href":"https:\/\/oefardas.pt\/index.php?rest_route=\/wp\/v2\/media\/1553"}],"wp:attachment":[{"href":"https:\/\/oefardas.pt\/index.php?rest_route=%2Fwp%2Fv2%2Fmedia&parent=1552"}],"wp:term":[{"taxonomy":"product_brand","embeddable":true,"href":"https:\/\/oefardas.pt\/index.php?rest_route=%2Fwp%2Fv2%2Fproduct_brand&post=1552"},{"taxonomy":"product_cat","embeddable":true,"href":"https:\/\/oefardas.pt\/index.php?rest_route=%2Fwp%2Fv2%2Fproduct_cat&post=1552"},{"taxonomy":"product_tag","embeddable":true,"href":"https:\/\/oefardas.pt\/index.php?rest_route=%2Fwp%2Fv2%2Fproduct_tag&post=1552"}],"curies":[{"name":"wp","href":"https:\/\/api.w.org\/{rel}","templated":true}]}}