{"id":1560,"date":"2021-03-12T15:22:14","date_gmt":"2021-03-12T15:22:14","guid":{"rendered":"https:\/\/oefardas.pt\/?post_type=product&#038;p=1560"},"modified":"2021-03-12T15:22:14","modified_gmt":"2021-03-12T15:22:14","slug":"jardineira-crianca-ind-b2701","status":"publish","type":"product","link":"https:\/\/oefardas.pt\/?product=jardineira-crianca-ind-b2701","title":{"rendered":"JARDINEIRA CRIAN\u00c7A &#8211; IND\/B2701"},"content":{"rendered":"","protected":false},"excerpt":{"rendered":"<p>Jardineira com meia costas cobertas;<br \/>\nSuspens\u00f3rios com el\u00e1stico e fivelas autom\u00e1ticas;<br \/>\nUm bolso no peito de chapa com lapela de velcro;<br \/>\nDois bolsos de abertura inclinada nos costados;<br \/>\nUm bolso traseiro de chapa e um bolso de esp\u00e1tula;<br \/>\nFecho de bot\u00f5es nos laterais e braguilha de fecho de correr de nailon;<br \/>\nEl\u00e1stico nas costas.<\/p>\n<h5>Caracter\u00edsticas:<\/h5>\n<p>65% Poli\u00e9ster \u2013 35% Algod\u00e3o<\/p>\n<h5>Gramagem:<\/h5>\n<p>200<\/p>\n<h5>Tamanhos:<\/h5>\n<p>4 \u2013 8 \u2013 12 \u2013 16<\/p>\n","protected":false},"featured_media":1561,"template":"","meta":[],"product_brand":[],"product_cat":[45],"product_tag":[],"class_list":{"0":"post-1560","1":"product","2":"type-product","3":"status-publish","4":"has-post-thumbnail","6":"product_cat-industria","8":"first","9":"instock","10":"shipping-taxable","11":"product-type-simple"},"_links":{"self":[{"href":"https:\/\/oefardas.pt\/index.php?rest_route=\/wp\/v2\/product\/1560","targetHints":{"allow":["GET"]}}],"collection":[{"href":"https:\/\/oefardas.pt\/index.php?rest_route=\/wp\/v2\/product"}],"about":[{"href":"https:\/\/oefardas.pt\/index.php?rest_route=\/wp\/v2\/types\/product"}],"wp:featuredmedia":[{"embeddable":true,"href":"https:\/\/oefardas.pt\/index.php?rest_route=\/wp\/v2\/media\/1561"}],"wp:attachment":[{"href":"https:\/\/oefardas.pt\/index.php?rest_route=%2Fwp%2Fv2%2Fmedia&parent=1560"}],"wp:term":[{"taxonomy":"product_brand","embeddable":true,"href":"https:\/\/oefardas.pt\/index.php?rest_route=%2Fwp%2Fv2%2Fproduct_brand&post=1560"},{"taxonomy":"product_cat","embeddable":true,"href":"https:\/\/oefardas.pt\/index.php?rest_route=%2Fwp%2Fv2%2Fproduct_cat&post=1560"},{"taxonomy":"product_tag","embeddable":true,"href":"https:\/\/oefardas.pt\/index.php?rest_route=%2Fwp%2Fv2%2Fproduct_tag&post=1560"}],"curies":[{"name":"wp","href":"https:\/\/api.w.org\/{rel}","templated":true}]}}