{"id":1566,"date":"2021-03-12T15:29:07","date_gmt":"2021-03-12T15:29:07","guid":{"rendered":"https:\/\/oefardas.pt\/?post_type=product&#038;p=1566"},"modified":"2021-03-12T15:29:07","modified_gmt":"2021-03-12T15:29:07","slug":"leggin-better-ind-0458","status":"publish","type":"product","link":"https:\/\/oefardas.pt\/?product=leggin-better-ind-0458","title":{"rendered":"LEGGIN BETTER &#8211; IND\/0458"},"content":{"rendered":"","protected":false},"excerpt":{"rendered":"<p>Pe\u00e7a de roupa t\u00e9rmica de m\u00e1ximo conforto;<br \/>\nTecido t\u00e9cnico el\u00e1stico de f\u00e1cil lavagem;<br \/>\nC\u00f3s, bainha e partes inferiores de el\u00e1stico refor\u00e7ado.<\/p>\n<h5>Caracter\u00edsticas:<\/h5>\n<p><span id=\"MainContent_vComposition\">92% poliamida &#8211; 8% elastano<\/span><\/p>\n<h5>Gramagem:<\/h5>\n<p><span id=\"MainContent_vWeight\">240 g\/m\u00b2<\/span><\/p>\n<h5>Tamanhos:<\/h5>\n<p>XS &#8211; S &#8211; M &#8211; L &#8211; XL &#8211; XXL<\/p>\n","protected":false},"featured_media":1567,"template":"","meta":[],"product_brand":[],"product_cat":[45],"product_tag":[],"class_list":{"0":"post-1566","1":"product","2":"type-product","3":"status-publish","4":"has-post-thumbnail","6":"product_cat-industria","8":"first","9":"instock","10":"shipping-taxable","11":"product-type-simple"},"_links":{"self":[{"href":"https:\/\/oefardas.pt\/index.php?rest_route=\/wp\/v2\/product\/1566","targetHints":{"allow":["GET"]}}],"collection":[{"href":"https:\/\/oefardas.pt\/index.php?rest_route=\/wp\/v2\/product"}],"about":[{"href":"https:\/\/oefardas.pt\/index.php?rest_route=\/wp\/v2\/types\/product"}],"wp:featuredmedia":[{"embeddable":true,"href":"https:\/\/oefardas.pt\/index.php?rest_route=\/wp\/v2\/media\/1567"}],"wp:attachment":[{"href":"https:\/\/oefardas.pt\/index.php?rest_route=%2Fwp%2Fv2%2Fmedia&parent=1566"}],"wp:term":[{"taxonomy":"product_brand","embeddable":true,"href":"https:\/\/oefardas.pt\/index.php?rest_route=%2Fwp%2Fv2%2Fproduct_brand&post=1566"},{"taxonomy":"product_cat","embeddable":true,"href":"https:\/\/oefardas.pt\/index.php?rest_route=%2Fwp%2Fv2%2Fproduct_cat&post=1566"},{"taxonomy":"product_tag","embeddable":true,"href":"https:\/\/oefardas.pt\/index.php?rest_route=%2Fwp%2Fv2%2Fproduct_tag&post=1566"}],"curies":[{"name":"wp","href":"https:\/\/api.w.org\/{rel}","templated":true}]}}