{"id":1569,"date":"2021-03-12T15:38:33","date_gmt":"2021-03-12T15:38:33","guid":{"rendered":"https:\/\/oefardas.pt\/?post_type=product&#038;p=1569"},"modified":"2021-03-12T15:38:33","modified_gmt":"2021-03-12T15:38:33","slug":"mascara-para-po-ind-09200","status":"publish","type":"product","link":"https:\/\/oefardas.pt\/?product=mascara-para-po-ind-09200","title":{"rendered":"M\u00c1SCARA PARA P\u00d3 &#8211; IND\/09200"},"content":{"rendered":"","protected":false},"excerpt":{"rendered":"<p>M\u00e1scara descart\u00e1vel e higi\u00e9nica para protec\u00e7\u00e3o de poeiras e outros;<br \/>\nN\u00e3o tem n\u00edvel de protec\u00e7\u00e3o.<\/p>\n<p><strong>Caixa: <\/strong>50 Unidades<\/p>\n<p>&nbsp;<\/p>\n","protected":false},"featured_media":1570,"template":"","meta":[],"product_brand":[],"product_cat":[45],"product_tag":[],"class_list":{"0":"post-1569","1":"product","2":"type-product","3":"status-publish","4":"has-post-thumbnail","6":"product_cat-industria","8":"first","9":"instock","10":"shipping-taxable","11":"product-type-simple"},"_links":{"self":[{"href":"https:\/\/oefardas.pt\/index.php?rest_route=\/wp\/v2\/product\/1569","targetHints":{"allow":["GET"]}}],"collection":[{"href":"https:\/\/oefardas.pt\/index.php?rest_route=\/wp\/v2\/product"}],"about":[{"href":"https:\/\/oefardas.pt\/index.php?rest_route=\/wp\/v2\/types\/product"}],"wp:featuredmedia":[{"embeddable":true,"href":"https:\/\/oefardas.pt\/index.php?rest_route=\/wp\/v2\/media\/1570"}],"wp:attachment":[{"href":"https:\/\/oefardas.pt\/index.php?rest_route=%2Fwp%2Fv2%2Fmedia&parent=1569"}],"wp:term":[{"taxonomy":"product_brand","embeddable":true,"href":"https:\/\/oefardas.pt\/index.php?rest_route=%2Fwp%2Fv2%2Fproduct_brand&post=1569"},{"taxonomy":"product_cat","embeddable":true,"href":"https:\/\/oefardas.pt\/index.php?rest_route=%2Fwp%2Fv2%2Fproduct_cat&post=1569"},{"taxonomy":"product_tag","embeddable":true,"href":"https:\/\/oefardas.pt\/index.php?rest_route=%2Fwp%2Fv2%2Fproduct_tag&post=1569"}],"curies":[{"name":"wp","href":"https:\/\/api.w.org\/{rel}","templated":true}]}}