{"id":2215,"date":"2021-03-17T15:24:46","date_gmt":"2021-03-17T15:24:46","guid":{"rendered":"https:\/\/oefardas.pt\/?post_type=product&#038;p=2215"},"modified":"2021-03-17T15:24:47","modified_gmt":"2021-03-17T15:24:47","slug":"poncho-ind-187","status":"publish","type":"product","link":"https:\/\/oefardas.pt\/?product=poncho-ind-187","title":{"rendered":"PONCHO &#8211; IND\/187"},"content":{"rendered":"","protected":false},"excerpt":{"rendered":"<p>Costuras termo-seladas;<br \/>\nAbertura com quilha na gola;<br \/>\nFechos laterais com bot\u00f5es autom\u00e1ticos de pl\u00e1stico;<br \/>\nInclui saco.<\/p>\n<p><strong>Cores:<\/strong><br \/>\nAZUL MARINHO \/ VERDE<\/p>\n<h5>Caracter\u00edsticas:<\/h5>\n<p>100% PVC<\/p>\n<h5>Tamanhos:<\/h5>\n<p>\u00daNICO<\/p>\n","protected":false},"featured_media":2218,"template":"","meta":[],"product_brand":[],"product_cat":[45],"product_tag":[],"class_list":{"0":"post-2215","1":"product","2":"type-product","3":"status-publish","4":"has-post-thumbnail","6":"product_cat-industria","8":"first","9":"instock","10":"shipping-taxable","11":"product-type-simple"},"_links":{"self":[{"href":"https:\/\/oefardas.pt\/index.php?rest_route=\/wp\/v2\/product\/2215","targetHints":{"allow":["GET"]}}],"collection":[{"href":"https:\/\/oefardas.pt\/index.php?rest_route=\/wp\/v2\/product"}],"about":[{"href":"https:\/\/oefardas.pt\/index.php?rest_route=\/wp\/v2\/types\/product"}],"wp:featuredmedia":[{"embeddable":true,"href":"https:\/\/oefardas.pt\/index.php?rest_route=\/wp\/v2\/media\/2218"}],"wp:attachment":[{"href":"https:\/\/oefardas.pt\/index.php?rest_route=%2Fwp%2Fv2%2Fmedia&parent=2215"}],"wp:term":[{"taxonomy":"product_brand","embeddable":true,"href":"https:\/\/oefardas.pt\/index.php?rest_route=%2Fwp%2Fv2%2Fproduct_brand&post=2215"},{"taxonomy":"product_cat","embeddable":true,"href":"https:\/\/oefardas.pt\/index.php?rest_route=%2Fwp%2Fv2%2Fproduct_cat&post=2215"},{"taxonomy":"product_tag","embeddable":true,"href":"https:\/\/oefardas.pt\/index.php?rest_route=%2Fwp%2Fv2%2Fproduct_tag&post=2215"}],"curies":[{"name":"wp","href":"https:\/\/api.w.org\/{rel}","templated":true}]}}