{"id":2242,"date":"2021-03-17T15:51:56","date_gmt":"2021-03-17T15:51:56","guid":{"rendered":"https:\/\/oefardas.pt\/?post_type=product&#038;p=2242"},"modified":"2021-03-17T15:51:56","modified_gmt":"2021-03-17T15:51:56","slug":"sapato-tackle-s3-src-ind-36200-issa","status":"publish","type":"product","link":"https:\/\/oefardas.pt\/?product=sapato-tackle-s3-src-ind-36200-issa","title":{"rendered":"SAPATO TACKLE S3 SRC &#8211; IND\/36200 &#8211; ISSA"},"content":{"rendered":"","protected":false},"excerpt":{"rendered":"<p>Sapato S3 Metal Free (sem componentes em metal + biqueira em comp\u00f3sito e folha t\u00eaxtil);<br \/>\nEm pele de ac\u00e7\u00e3o com inser\u00e7\u00f5es respir\u00e1veis;<br \/>\nA sua flexibilidade, leveza e conforto permitem a sua utiliza\u00e7\u00e3o tanto em superf\u00edcies regulares (interiores) como irregulares (exteriores).<\/p>\n<p>Est\u00e1 em conformidade com a legisla\u00e7\u00e3o de harmoniza\u00e7\u00e3o pertinente da Uni\u00e3o Europeia (Regulamento (UE) 2016\/425):<br \/>\nEN ISO 20345:2011<\/p>\n<h5>Caracter\u00edsticas:<\/h5>\n<p><strong>Biqueira:<\/strong> composta.<br \/>\n<strong>Folha:<\/strong> t\u00eaxtil.<\/p>\n<h5>Tamanhos:<\/h5>\n<p>35 AT\u00c9 O 48.<\/p>\n","protected":false},"featured_media":2243,"template":"","meta":[],"product_brand":[],"product_cat":[45],"product_tag":[],"class_list":{"0":"post-2242","1":"product","2":"type-product","3":"status-publish","4":"has-post-thumbnail","6":"product_cat-industria","8":"first","9":"instock","10":"shipping-taxable","11":"product-type-simple"},"_links":{"self":[{"href":"https:\/\/oefardas.pt\/index.php?rest_route=\/wp\/v2\/product\/2242","targetHints":{"allow":["GET"]}}],"collection":[{"href":"https:\/\/oefardas.pt\/index.php?rest_route=\/wp\/v2\/product"}],"about":[{"href":"https:\/\/oefardas.pt\/index.php?rest_route=\/wp\/v2\/types\/product"}],"wp:featuredmedia":[{"embeddable":true,"href":"https:\/\/oefardas.pt\/index.php?rest_route=\/wp\/v2\/media\/2243"}],"wp:attachment":[{"href":"https:\/\/oefardas.pt\/index.php?rest_route=%2Fwp%2Fv2%2Fmedia&parent=2242"}],"wp:term":[{"taxonomy":"product_brand","embeddable":true,"href":"https:\/\/oefardas.pt\/index.php?rest_route=%2Fwp%2Fv2%2Fproduct_brand&post=2242"},{"taxonomy":"product_cat","embeddable":true,"href":"https:\/\/oefardas.pt\/index.php?rest_route=%2Fwp%2Fv2%2Fproduct_cat&post=2242"},{"taxonomy":"product_tag","embeddable":true,"href":"https:\/\/oefardas.pt\/index.php?rest_route=%2Fwp%2Fv2%2Fproduct_tag&post=2242"}],"curies":[{"name":"wp","href":"https:\/\/api.w.org\/{rel}","templated":true}]}}