{"id":2244,"date":"2021-03-17T16:01:05","date_gmt":"2021-03-17T16:01:05","guid":{"rendered":"https:\/\/oefardas.pt\/?post_type=product&#038;p=2244"},"modified":"2021-03-17T16:01:05","modified_gmt":"2021-03-17T16:01:05","slug":"sweat-com-capuz-slam-ind-132513sol","status":"publish","type":"product","link":"https:\/\/oefardas.pt\/?product=sweat-com-capuz-slam-ind-132513sol","title":{"rendered":"SWEAT COM CAPUZ SLAM &#8211; IND\/132513SOL"},"content":{"rendered":"","protected":false},"excerpt":{"rendered":"<p>Malha escovada;<br \/>\nPunhos e parte inferior em elastano canelado;<br \/>\nFita de refor\u00e7o na gola;<br \/>\nBolso marsupial;<br \/>\nCapuz com ilh\u00f3s e cord\u00e3o de aperto \u00e0 cor;<br \/>\nCortada e cosida.<\/p>\n<h5>Caracter\u00edsticas:<\/h5>\n<p>50% Algod\u00e3o &#8220;Ringspun&#8221; &#8211; 50% Poli\u00e9ster<\/p>\n<h5>Gramagem:<\/h5>\n<p>320 g \/ m\u00b2<\/p>\n<h5>Tamanhos:<\/h5>\n<p>XS &#8211; S \u2013 M \u2013 L \u2013 XL \u2013 XXL<\/p>\n","protected":false},"featured_media":2245,"template":"","meta":[],"product_brand":[],"product_cat":[45],"product_tag":[],"class_list":{"0":"post-2244","1":"product","2":"type-product","3":"status-publish","4":"has-post-thumbnail","6":"product_cat-industria","8":"first","9":"instock","10":"shipping-taxable","11":"product-type-simple"},"_links":{"self":[{"href":"https:\/\/oefardas.pt\/index.php?rest_route=\/wp\/v2\/product\/2244","targetHints":{"allow":["GET"]}}],"collection":[{"href":"https:\/\/oefardas.pt\/index.php?rest_route=\/wp\/v2\/product"}],"about":[{"href":"https:\/\/oefardas.pt\/index.php?rest_route=\/wp\/v2\/types\/product"}],"wp:featuredmedia":[{"embeddable":true,"href":"https:\/\/oefardas.pt\/index.php?rest_route=\/wp\/v2\/media\/2245"}],"wp:attachment":[{"href":"https:\/\/oefardas.pt\/index.php?rest_route=%2Fwp%2Fv2%2Fmedia&parent=2244"}],"wp:term":[{"taxonomy":"product_brand","embeddable":true,"href":"https:\/\/oefardas.pt\/index.php?rest_route=%2Fwp%2Fv2%2Fproduct_brand&post=2244"},{"taxonomy":"product_cat","embeddable":true,"href":"https:\/\/oefardas.pt\/index.php?rest_route=%2Fwp%2Fv2%2Fproduct_cat&post=2244"},{"taxonomy":"product_tag","embeddable":true,"href":"https:\/\/oefardas.pt\/index.php?rest_route=%2Fwp%2Fv2%2Fproduct_tag&post=2244"}],"curies":[{"name":"wp","href":"https:\/\/api.w.org\/{rel}","templated":true}]}}