{"id":2787,"date":"2021-03-23T14:38:32","date_gmt":"2021-03-23T14:38:32","guid":{"rendered":"https:\/\/oefardas.pt\/?post_type=product&#038;p=2787"},"modified":"2021-03-23T14:38:32","modified_gmt":"2021-03-23T14:38:32","slug":"avental-com-peito-em-canvas-bege-e-ganga-rest-m720","status":"publish","type":"product","link":"https:\/\/oefardas.pt\/?product=avental-com-peito-em-canvas-bege-e-ganga-rest-m720","title":{"rendered":"AVENTAL COM PEITO EM CANVAS BEGE E GANGA &#8211; REST\/M720"},"content":{"rendered":"","protected":false},"excerpt":{"rendered":"<p>Avental com peitilho em tecido de canvas combinado com ganga;<br \/>\nUm bolso no peito com costuras a pico de fantasia;<br \/>\nUm bolso central de corte assim\u00e9trico compartimentado com bolso relojoeiro interior;<br \/>\nFita de tecido de ganga regul\u00e1vel com bot\u00f5es met\u00e1licos na gola, e cintas para ajustar na cintura;<br \/>\nDesenho contempor\u00e2neo com acabado desgastado e rebites de cobre.<\/p>\n<h5>Caracter\u00edsticas:<\/h5>\n<p><strong>Prin.<\/strong> 100% Algod\u00e3o \/ <strong>Sec.<\/strong> 65% Poli\u00e9ster &#8211; 35% Algod\u00e3o<\/p>\n<h5>Gramagem:<\/h5>\n<p><strong>Prin.<\/strong> 350 g m\u00b2 &#8211; <strong>Sec.<\/strong> 230 g m\u00b2<\/p>\n<h5>Tamanhos:<\/h5>\n<p>\u00daNICO<\/p>\n","protected":false},"featured_media":2788,"template":"","meta":[],"product_brand":[],"product_cat":[44],"product_tag":[],"class_list":{"0":"post-2787","1":"product","2":"type-product","3":"status-publish","4":"has-post-thumbnail","6":"product_cat-hotelaria-restauracao","8":"first","9":"instock","10":"shipping-taxable","11":"product-type-simple"},"_links":{"self":[{"href":"https:\/\/oefardas.pt\/index.php?rest_route=\/wp\/v2\/product\/2787","targetHints":{"allow":["GET"]}}],"collection":[{"href":"https:\/\/oefardas.pt\/index.php?rest_route=\/wp\/v2\/product"}],"about":[{"href":"https:\/\/oefardas.pt\/index.php?rest_route=\/wp\/v2\/types\/product"}],"wp:featuredmedia":[{"embeddable":true,"href":"https:\/\/oefardas.pt\/index.php?rest_route=\/wp\/v2\/media\/2788"}],"wp:attachment":[{"href":"https:\/\/oefardas.pt\/index.php?rest_route=%2Fwp%2Fv2%2Fmedia&parent=2787"}],"wp:term":[{"taxonomy":"product_brand","embeddable":true,"href":"https:\/\/oefardas.pt\/index.php?rest_route=%2Fwp%2Fv2%2Fproduct_brand&post=2787"},{"taxonomy":"product_cat","embeddable":true,"href":"https:\/\/oefardas.pt\/index.php?rest_route=%2Fwp%2Fv2%2Fproduct_cat&post=2787"},{"taxonomy":"product_tag","embeddable":true,"href":"https:\/\/oefardas.pt\/index.php?rest_route=%2Fwp%2Fv2%2Fproduct_tag&post=2787"}],"curies":[{"name":"wp","href":"https:\/\/api.w.org\/{rel}","templated":true}]}}