{"id":2789,"date":"2021-03-23T14:48:41","date_gmt":"2021-03-23T14:48:41","guid":{"rendered":"https:\/\/oefardas.pt\/?post_type=product&#038;p=2789"},"modified":"2021-03-23T14:48:41","modified_gmt":"2021-03-23T14:48:41","slug":"avental-com-peito-s-bolso-rest-pr150c","status":"publish","type":"product","link":"https:\/\/oefardas.pt\/?product=avental-com-peito-s-bolso-rest-pr150c","title":{"rendered":"AVENTAL COM PEITO S\/ BOLSO &#8211; REST\/ PR150C"},"content":{"rendered":"","protected":false},"excerpt":{"rendered":"<p>Tecido de sarja: leve e robusto;<br \/>\nCintura regul\u00e1vel;<br \/>\nCord\u00f5es no mesmo tecido;<br \/>\nAl\u00e7a regul\u00e1vel no pesco\u00e7o;<br \/>\nDispon\u00edvel numa grande variedade de cores.<\/p>\n<h5>Caracter\u00edsticas:<\/h5>\n<p>65% Poli\u00e9ster &#8211; 35% Sarja de Algod\u00e3o<\/p>\n<h5>Gramagem:<\/h5>\n<p>200 g \/ m\u00b2<\/p>\n<h5>Tamanhos:<\/h5>\n<p>\u00daNICO<\/p>\n","protected":false},"featured_media":2791,"template":"","meta":[],"product_brand":[],"product_cat":[44],"product_tag":[],"class_list":{"0":"post-2789","1":"product","2":"type-product","3":"status-publish","4":"has-post-thumbnail","6":"product_cat-hotelaria-restauracao","8":"first","9":"instock","10":"shipping-taxable","11":"product-type-simple"},"_links":{"self":[{"href":"https:\/\/oefardas.pt\/index.php?rest_route=\/wp\/v2\/product\/2789","targetHints":{"allow":["GET"]}}],"collection":[{"href":"https:\/\/oefardas.pt\/index.php?rest_route=\/wp\/v2\/product"}],"about":[{"href":"https:\/\/oefardas.pt\/index.php?rest_route=\/wp\/v2\/types\/product"}],"wp:featuredmedia":[{"embeddable":true,"href":"https:\/\/oefardas.pt\/index.php?rest_route=\/wp\/v2\/media\/2791"}],"wp:attachment":[{"href":"https:\/\/oefardas.pt\/index.php?rest_route=%2Fwp%2Fv2%2Fmedia&parent=2789"}],"wp:term":[{"taxonomy":"product_brand","embeddable":true,"href":"https:\/\/oefardas.pt\/index.php?rest_route=%2Fwp%2Fv2%2Fproduct_brand&post=2789"},{"taxonomy":"product_cat","embeddable":true,"href":"https:\/\/oefardas.pt\/index.php?rest_route=%2Fwp%2Fv2%2Fproduct_cat&post=2789"},{"taxonomy":"product_tag","embeddable":true,"href":"https:\/\/oefardas.pt\/index.php?rest_route=%2Fwp%2Fv2%2Fproduct_tag&post=2789"}],"curies":[{"name":"wp","href":"https:\/\/api.w.org\/{rel}","templated":true}]}}