{"id":2824,"date":"2021-03-23T14:50:32","date_gmt":"2021-03-23T14:50:32","guid":{"rendered":"https:\/\/oefardas.pt\/?post_type=product&#038;p=2824"},"modified":"2021-03-23T14:50:32","modified_gmt":"2021-03-23T14:50:32","slug":"avental-em-canvas-bege-rest-m712","status":"publish","type":"product","link":"https:\/\/oefardas.pt\/?product=avental-em-canvas-bege-rest-m712","title":{"rendered":"AVENTAL EM CANVAS BEGE &#8211; REST\/M712"},"content":{"rendered":"","protected":false},"excerpt":{"rendered":"<p>Avental com peitilho em tecido canvas;<br \/>\nUm bolso no peito com costuras a pico de fantasia;<br \/>\nUm bolso central de rasgo assim\u00e9trico compartimentado com bolso relojoeiro interior;<br \/>\nFita em tecido de ganga regul\u00e1vel com bot\u00f5es met\u00e1licos na gola, e fitas para ajustar na cintura;<br \/>\nDesenho contempor\u00e2neo com rebites de cobre.<\/p>\n<h5>Caracter\u00edsticas:<\/h5>\n<p>100% Algod\u00e3o<\/p>\n<h5>Gramagem:<\/h5>\n<p>350 g\/m\u00b2<\/p>\n<h5>Tamanhos:<\/h5>\n<p>\u00daNICO<\/p>\n","protected":false},"featured_media":2825,"template":"","meta":[],"product_brand":[],"product_cat":[44],"product_tag":[],"class_list":{"0":"post-2824","1":"product","2":"type-product","3":"status-publish","4":"has-post-thumbnail","6":"product_cat-hotelaria-restauracao","8":"first","9":"instock","10":"shipping-taxable","11":"product-type-simple"},"_links":{"self":[{"href":"https:\/\/oefardas.pt\/index.php?rest_route=\/wp\/v2\/product\/2824","targetHints":{"allow":["GET"]}}],"collection":[{"href":"https:\/\/oefardas.pt\/index.php?rest_route=\/wp\/v2\/product"}],"about":[{"href":"https:\/\/oefardas.pt\/index.php?rest_route=\/wp\/v2\/types\/product"}],"wp:featuredmedia":[{"embeddable":true,"href":"https:\/\/oefardas.pt\/index.php?rest_route=\/wp\/v2\/media\/2825"}],"wp:attachment":[{"href":"https:\/\/oefardas.pt\/index.php?rest_route=%2Fwp%2Fv2%2Fmedia&parent=2824"}],"wp:term":[{"taxonomy":"product_brand","embeddable":true,"href":"https:\/\/oefardas.pt\/index.php?rest_route=%2Fwp%2Fv2%2Fproduct_brand&post=2824"},{"taxonomy":"product_cat","embeddable":true,"href":"https:\/\/oefardas.pt\/index.php?rest_route=%2Fwp%2Fv2%2Fproduct_cat&post=2824"},{"taxonomy":"product_tag","embeddable":true,"href":"https:\/\/oefardas.pt\/index.php?rest_route=%2Fwp%2Fv2%2Fproduct_tag&post=2824"}],"curies":[{"name":"wp","href":"https:\/\/api.w.org\/{rel}","templated":true}]}}