{"id":2895,"date":"2021-03-24T14:05:16","date_gmt":"2021-03-24T14:05:16","guid":{"rendered":"https:\/\/oefardas.pt\/?post_type=product&#038;p=2895"},"modified":"2021-03-24T14:05:41","modified_gmt":"2021-03-24T14:05:41","slug":"avental-vintage-rest-k8003","status":"publish","type":"product","link":"https:\/\/oefardas.pt\/?product=avental-vintage-rest-k8003","title":{"rendered":"AVENTAL VINTAGE &#8211; REST\/K8003"},"content":{"rendered":"","protected":false},"excerpt":{"rendered":"<p>Acabamento em tecido canvas muito resistente;<br \/>\nFivelas para apertar em tecido fantasia com revestimento;<br \/>\nAspeto intencionalmente envelhecido para um estilo vintage intemporal.<br \/>\nBolso grande \u00e0 frente com dois compartimentos;<\/p>\n<p><strong>Dimens\u00f5es:<\/strong> A 90 cm &#8211; C 76 cm. Bolso: A 20 cm &#8211; C 31,5 cm.<\/p>\n<p>Este produto foi submetido a um tratamento especial apresentando um aspecto intencionalmente envelhecido;<br \/>\nEste procedimento implica varia\u00e7\u00e3o de cor de produto para produto tornando cada pe\u00e7a \u00fanica.<\/p>\n<h5>Caracter\u00edsticas:<\/h5>\n<p>100% Algod\u00e3o<\/p>\n<h5>Gramagem:<\/h5>\n<p>320 g\/m\u00b2<\/p>\n<h5>Tamanhos:<\/h5>\n<p>\u00daNICO<\/p>\n","protected":false},"featured_media":2897,"template":"","meta":[],"product_brand":[],"product_cat":[44],"product_tag":[],"class_list":{"0":"post-2895","1":"product","2":"type-product","3":"status-publish","4":"has-post-thumbnail","6":"product_cat-hotelaria-restauracao","8":"first","9":"instock","10":"shipping-taxable","11":"product-type-simple"},"_links":{"self":[{"href":"https:\/\/oefardas.pt\/index.php?rest_route=\/wp\/v2\/product\/2895","targetHints":{"allow":["GET"]}}],"collection":[{"href":"https:\/\/oefardas.pt\/index.php?rest_route=\/wp\/v2\/product"}],"about":[{"href":"https:\/\/oefardas.pt\/index.php?rest_route=\/wp\/v2\/types\/product"}],"wp:featuredmedia":[{"embeddable":true,"href":"https:\/\/oefardas.pt\/index.php?rest_route=\/wp\/v2\/media\/2897"}],"wp:attachment":[{"href":"https:\/\/oefardas.pt\/index.php?rest_route=%2Fwp%2Fv2%2Fmedia&parent=2895"}],"wp:term":[{"taxonomy":"product_brand","embeddable":true,"href":"https:\/\/oefardas.pt\/index.php?rest_route=%2Fwp%2Fv2%2Fproduct_brand&post=2895"},{"taxonomy":"product_cat","embeddable":true,"href":"https:\/\/oefardas.pt\/index.php?rest_route=%2Fwp%2Fv2%2Fproduct_cat&post=2895"},{"taxonomy":"product_tag","embeddable":true,"href":"https:\/\/oefardas.pt\/index.php?rest_route=%2Fwp%2Fv2%2Fproduct_tag&post=2895"}],"curies":[{"name":"wp","href":"https:\/\/api.w.org\/{rel}","templated":true}]}}