{"id":2944,"date":"2021-03-24T14:54:36","date_gmt":"2021-03-24T14:54:36","guid":{"rendered":"https:\/\/oefardas.pt\/?post_type=product&#038;p=2944"},"modified":"2021-07-13T17:34:32","modified_gmt":"2021-07-13T17:34:32","slug":"blaser-homem-rest-k6130","status":"publish","type":"product","link":"https:\/\/oefardas.pt\/?product=blaser-homem-rest-k6130","title":{"rendered":"BLASER HOMEM &#8211; REST\/K6130"},"content":{"rendered":"","protected":false},"excerpt":{"rendered":"<p>Pe\u00e7a essencial e elegante do vestu\u00e1rio corporativo;<br \/>\nCorte justo fashion e impec\u00e1vel, com acabamentos discretos e refinados;<br \/>\nConjunto de fato a complementar com as cal\u00e7as do fato <strong>K730<\/strong>.<\/p>\n<p>Casaco 2 bot\u00f5es;<br \/>\n2 bolsos com detalhes \u00e0 frente com pala;<br \/>\n1 bolso no peito;<br \/>\n2 bolsos interiores com bot\u00e3o;<br \/>\n1 bolso para telem\u00f3vel;<br \/>\nAcabamento da manga com 4 bot\u00f5es;<br \/>\n2 aberturas nas costas;<br \/>\n1 fecho invis\u00edvel no lado esquerdo de acesso para personaliza\u00e7\u00e3o.<\/p>\n<h5>Caracter\u00edsticas:<\/h5>\n<p>64% Poli\u00e9ster &#8211; 34% Viscose &#8211; 2% Elastano.<br \/>\n<strong>Forro<\/strong> 100% Poli\u00e9ster Taffeta.<\/p>\n<h5>Gramagem:<\/h5>\n<p>220 g\/m\u00b2<\/p>\n<h5>Tamanhos:<\/h5>\n<p>46 &#8211; 48 &#8211; 50 &#8211; 52 &#8211; 54 &#8211; 56 &#8211; 58 &#8211; 60 &#8211; 62 &#8211; 64 &#8211; 66 &#8211; 68 &#8211; 70<\/p>\n","protected":false},"featured_media":2946,"template":"","meta":[],"product_brand":[],"product_cat":[44,52],"product_tag":[],"class_list":{"0":"post-2944","1":"product","2":"type-product","3":"status-publish","4":"has-post-thumbnail","6":"product_cat-hotelaria-restauracao","7":"product_cat-seguranca","9":"first","10":"instock","11":"shipping-taxable","12":"product-type-simple"},"_links":{"self":[{"href":"https:\/\/oefardas.pt\/index.php?rest_route=\/wp\/v2\/product\/2944","targetHints":{"allow":["GET"]}}],"collection":[{"href":"https:\/\/oefardas.pt\/index.php?rest_route=\/wp\/v2\/product"}],"about":[{"href":"https:\/\/oefardas.pt\/index.php?rest_route=\/wp\/v2\/types\/product"}],"wp:featuredmedia":[{"embeddable":true,"href":"https:\/\/oefardas.pt\/index.php?rest_route=\/wp\/v2\/media\/2946"}],"wp:attachment":[{"href":"https:\/\/oefardas.pt\/index.php?rest_route=%2Fwp%2Fv2%2Fmedia&parent=2944"}],"wp:term":[{"taxonomy":"product_brand","embeddable":true,"href":"https:\/\/oefardas.pt\/index.php?rest_route=%2Fwp%2Fv2%2Fproduct_brand&post=2944"},{"taxonomy":"product_cat","embeddable":true,"href":"https:\/\/oefardas.pt\/index.php?rest_route=%2Fwp%2Fv2%2Fproduct_cat&post=2944"},{"taxonomy":"product_tag","embeddable":true,"href":"https:\/\/oefardas.pt\/index.php?rest_route=%2Fwp%2Fv2%2Fproduct_tag&post=2944"}],"curies":[{"name":"wp","href":"https:\/\/api.w.org\/{rel}","templated":true}]}}