{"id":3036,"date":"2021-04-14T12:29:16","date_gmt":"2021-04-14T12:29:16","guid":{"rendered":"https:\/\/oefardas.pt\/?post_type=product&#038;p=3036"},"modified":"2021-04-14T12:29:16","modified_gmt":"2021-04-14T12:29:16","slug":"camisa-homem-manga-comprida-rest-k545","status":"publish","type":"product","link":"https:\/\/oefardas.pt\/?product=camisa-homem-manga-comprida-rest-k545","title":{"rendered":"CAMISA HOMEM MANGA COMPRIDA &#8211; REST\/K545"},"content":{"rendered":"","protected":false},"excerpt":{"rendered":"<p><img loading=\"lazy\" decoding=\"async\" class=\"img tt-tooltip-btn\" src=\"https:\/\/www.toptex.pt\/media\/catalog\/product\/cache\/1\/thumbnail\/x60\/040ec09b1e35df139433887a97daa66f\/aims_productpictogram\/O\/E\/OEKOTEX8_KARIABN.jpg?1618350055\" alt=\"STANDARD 100: Certificado atribu\u00eddo por OEKO-TEX \u2013 Acredita\u00e7\u00e3o n.\u00ba 1007\/8\" width=\"102\" height=\"51\" \/><\/p>\n<p>Confec\u00e7\u00e3o em poli algod\u00e3o para um tratamento f\u00e1cil;<br \/>\nResist\u00eancia e estilo;<br \/>\nDispon\u00edvel em 22 cores;<br \/>\nColarinho sem bot\u00f5es;<br \/>\nBot\u00f5es \u00e0 cor;<br \/>\nBolso no peito esquerdo com cantos arredondados;<br \/>\nEncaixe duplo nas costas;<br \/>\nPunho ajust\u00e1vel;<br \/>\n2 bot\u00f5es extra.<\/p>\n<h5>Caracter\u00edsticas:<\/h5>\n<p>65% Poli\u00e9ster &#8211; 35% Algod\u00e3o.<\/p>\n<h5>Gramagem:<\/h5>\n<p>110 g\/m\u00b2<\/p>\n<h5>Tamanhos:<\/h5>\n<p>XS &#8211; S &#8211; M &#8211; L &#8211; XL &#8211; XXL &#8211; 3XL &#8211; 4XL &#8211; 5XL &#8211; 6XL<\/p>\n","protected":false},"featured_media":3038,"template":"","meta":[],"product_brand":[],"product_cat":[44],"product_tag":[],"class_list":{"0":"post-3036","1":"product","2":"type-product","3":"status-publish","4":"has-post-thumbnail","6":"product_cat-hotelaria-restauracao","8":"first","9":"instock","10":"shipping-taxable","11":"product-type-simple"},"_links":{"self":[{"href":"https:\/\/oefardas.pt\/index.php?rest_route=\/wp\/v2\/product\/3036","targetHints":{"allow":["GET"]}}],"collection":[{"href":"https:\/\/oefardas.pt\/index.php?rest_route=\/wp\/v2\/product"}],"about":[{"href":"https:\/\/oefardas.pt\/index.php?rest_route=\/wp\/v2\/types\/product"}],"wp:featuredmedia":[{"embeddable":true,"href":"https:\/\/oefardas.pt\/index.php?rest_route=\/wp\/v2\/media\/3038"}],"wp:attachment":[{"href":"https:\/\/oefardas.pt\/index.php?rest_route=%2Fwp%2Fv2%2Fmedia&parent=3036"}],"wp:term":[{"taxonomy":"product_brand","embeddable":true,"href":"https:\/\/oefardas.pt\/index.php?rest_route=%2Fwp%2Fv2%2Fproduct_brand&post=3036"},{"taxonomy":"product_cat","embeddable":true,"href":"https:\/\/oefardas.pt\/index.php?rest_route=%2Fwp%2Fv2%2Fproduct_cat&post=3036"},{"taxonomy":"product_tag","embeddable":true,"href":"https:\/\/oefardas.pt\/index.php?rest_route=%2Fwp%2Fv2%2Fproduct_tag&post=3036"}],"curies":[{"name":"wp","href":"https:\/\/api.w.org\/{rel}","templated":true}]}}