{"id":3068,"date":"2021-04-14T12:43:03","date_gmt":"2021-04-14T12:43:03","guid":{"rendered":"https:\/\/oefardas.pt\/?post_type=product&#038;p=3068"},"modified":"2021-04-14T12:43:03","modified_gmt":"2021-04-14T12:43:03","slug":"camisa-homem-manga-curta-rest-k551","status":"publish","type":"product","link":"https:\/\/oefardas.pt\/?product=camisa-homem-manga-curta-rest-k551","title":{"rendered":"CAMISA HOMEM MANGA CURTA &#8211; REST\/K551"},"content":{"rendered":"","protected":false},"excerpt":{"rendered":"<p>Confec\u00e7\u00e3o em polialgod\u00e3o para um tratamento f\u00e1cil;<br \/>\nResist\u00eancia e estilo;<br \/>\nDispon\u00edvel em 22\u00a0cores;<br \/>\nTecido tratamento f\u00e1cil;<br \/>\nColarinho sem bot\u00f5es;<br \/>\nBot\u00f5es \u00e0 cor;<br \/>\nBolso peito esquerdo com cantos arredondados;<br \/>\nEncaixe duplo nas costas;<br \/>\nBot\u00e3o extra;<br \/>\nBainha arredondada.<\/p>\n<h5>Caracter\u00edsticas:<\/h5>\n<p>65% Poli\u00e9ster &#8211; 35% Algod\u00e3o<\/p>\n<h5>Gramagem:<\/h5>\n<p>110 g\/m\u00b2<\/p>\n<h5>Tamanhos:<\/h5>\n<p>XS \u2013 S \u2013 M \u2013 L \u2013 XL \u2013 XXL \u2013 3XL &#8211; 4XL &#8211; 5XL &#8211; 6XL<\/p>\n","protected":false},"featured_media":3070,"template":"","meta":[],"product_brand":[],"product_cat":[44],"product_tag":[],"class_list":{"0":"post-3068","1":"product","2":"type-product","3":"status-publish","4":"has-post-thumbnail","6":"product_cat-hotelaria-restauracao","8":"first","9":"instock","10":"shipping-taxable","11":"product-type-simple"},"_links":{"self":[{"href":"https:\/\/oefardas.pt\/index.php?rest_route=\/wp\/v2\/product\/3068","targetHints":{"allow":["GET"]}}],"collection":[{"href":"https:\/\/oefardas.pt\/index.php?rest_route=\/wp\/v2\/product"}],"about":[{"href":"https:\/\/oefardas.pt\/index.php?rest_route=\/wp\/v2\/types\/product"}],"wp:featuredmedia":[{"embeddable":true,"href":"https:\/\/oefardas.pt\/index.php?rest_route=\/wp\/v2\/media\/3070"}],"wp:attachment":[{"href":"https:\/\/oefardas.pt\/index.php?rest_route=%2Fwp%2Fv2%2Fmedia&parent=3068"}],"wp:term":[{"taxonomy":"product_brand","embeddable":true,"href":"https:\/\/oefardas.pt\/index.php?rest_route=%2Fwp%2Fv2%2Fproduct_brand&post=3068"},{"taxonomy":"product_cat","embeddable":true,"href":"https:\/\/oefardas.pt\/index.php?rest_route=%2Fwp%2Fv2%2Fproduct_cat&post=3068"},{"taxonomy":"product_tag","embeddable":true,"href":"https:\/\/oefardas.pt\/index.php?rest_route=%2Fwp%2Fv2%2Fproduct_tag&post=3068"}],"curies":[{"name":"wp","href":"https:\/\/api.w.org\/{rel}","templated":true}]}}