{"id":3127,"date":"2021-04-14T13:04:55","date_gmt":"2021-04-14T13:04:55","guid":{"rendered":"https:\/\/oefardas.pt\/?post_type=product&#038;p=3127"},"modified":"2021-04-14T13:08:15","modified_gmt":"2021-04-14T13:08:15","slug":"camisa-restauracao-rest-405001","status":"publish","type":"product","link":"https:\/\/oefardas.pt\/?product=camisa-restauracao-rest-405001","title":{"rendered":"CAMISA RESTAURA\u00c7\u00c3O HOMEM &#8211; REST\/405001"},"content":{"rendered":"","protected":false},"excerpt":{"rendered":"<p>Fecho central com bot\u00f5es;<br \/>\nGola de camisa;<br \/>\nPunhos com fecho de bot\u00e3o (duas posi\u00e7\u00f5es);<br \/>\nBot\u00e3o adicional;<br \/>\nPin\u00e7as nas costas e escapul\u00e1rio;<br \/>\nTecido Stretch;<br \/>\n1 bolso de remendo no peito.<\/p>\n<h5>Caracter\u00edsticas:<\/h5>\n<p><strong>POPELINA STRETCH.<\/strong> 70% ALGOD\u00c3O &#8211; 28% POLI\u00c9STER &#8211; 2% ELASTANO<\/p>\n<h5>Tamanhos:<\/h5>\n<p>S \u2013 M \u2013 L \u2013 XL \u2013 XXL \u2013 3XL<\/p>\n","protected":false},"featured_media":3130,"template":"","meta":[],"product_brand":[],"product_cat":[44],"product_tag":[],"class_list":{"0":"post-3127","1":"product","2":"type-product","3":"status-publish","4":"has-post-thumbnail","6":"product_cat-hotelaria-restauracao","8":"first","9":"instock","10":"shipping-taxable","11":"product-type-simple"},"_links":{"self":[{"href":"https:\/\/oefardas.pt\/index.php?rest_route=\/wp\/v2\/product\/3127","targetHints":{"allow":["GET"]}}],"collection":[{"href":"https:\/\/oefardas.pt\/index.php?rest_route=\/wp\/v2\/product"}],"about":[{"href":"https:\/\/oefardas.pt\/index.php?rest_route=\/wp\/v2\/types\/product"}],"wp:featuredmedia":[{"embeddable":true,"href":"https:\/\/oefardas.pt\/index.php?rest_route=\/wp\/v2\/media\/3130"}],"wp:attachment":[{"href":"https:\/\/oefardas.pt\/index.php?rest_route=%2Fwp%2Fv2%2Fmedia&parent=3127"}],"wp:term":[{"taxonomy":"product_brand","embeddable":true,"href":"https:\/\/oefardas.pt\/index.php?rest_route=%2Fwp%2Fv2%2Fproduct_brand&post=3127"},{"taxonomy":"product_cat","embeddable":true,"href":"https:\/\/oefardas.pt\/index.php?rest_route=%2Fwp%2Fv2%2Fproduct_cat&post=3127"},{"taxonomy":"product_tag","embeddable":true,"href":"https:\/\/oefardas.pt\/index.php?rest_route=%2Fwp%2Fv2%2Fproduct_tag&post=3127"}],"curies":[{"name":"wp","href":"https:\/\/api.w.org\/{rel}","templated":true}]}}