{"id":3135,"date":"2021-04-15T12:15:35","date_gmt":"2021-04-15T12:15:35","guid":{"rendered":"https:\/\/oefardas.pt\/?post_type=product&#038;p=3135"},"modified":"2021-04-15T12:15:35","modified_gmt":"2021-04-15T12:15:35","slug":"camisa-senhora-manga-comprida-rest-k549","status":"publish","type":"product","link":"https:\/\/oefardas.pt\/?product=camisa-senhora-manga-comprida-rest-k549","title":{"rendered":"CAMISA SENHORA MANGA COMPRIDA &#8211; REST\/K549"},"content":{"rendered":"","protected":false},"excerpt":{"rendered":"<p>Confe\u00e7\u00e3o em polialgod\u00e3o para um tratamento f\u00e1cil;<br \/>\nResist\u00eancia e estilo;<br \/>\nDispon\u00edvel em 23\u00a0cores;<br \/>\nTecido tratamento f\u00e1cil;<br \/>\nBot\u00f5es \u00e0 cor;<br \/>\nBolso no peito esquerdo;<br \/>\nBot\u00e3o extra;<br \/>\nBainha arredondada.<\/p>\n<h5>Caracter\u00edsticas:<\/h5>\n<p>65% Poli\u00e9ster &#8211; 35% Algod\u00e3o Popeline.<\/p>\n<h5>Gramagem:<\/h5>\n<p>110 g \/ m\u00b2<\/p>\n<h5>Tamanhos:<\/h5>\n<p>XS &#8211; S &#8211; M &#8211; L &#8211; XL &#8211; XXL &#8211; 3XL &#8211; 4XL<\/p>\n","protected":false},"featured_media":3138,"template":"","meta":[],"product_brand":[],"product_cat":[44],"product_tag":[],"class_list":{"0":"post-3135","1":"product","2":"type-product","3":"status-publish","4":"has-post-thumbnail","6":"product_cat-hotelaria-restauracao","8":"first","9":"instock","10":"shipping-taxable","11":"product-type-simple"},"_links":{"self":[{"href":"https:\/\/oefardas.pt\/index.php?rest_route=\/wp\/v2\/product\/3135","targetHints":{"allow":["GET"]}}],"collection":[{"href":"https:\/\/oefardas.pt\/index.php?rest_route=\/wp\/v2\/product"}],"about":[{"href":"https:\/\/oefardas.pt\/index.php?rest_route=\/wp\/v2\/types\/product"}],"wp:featuredmedia":[{"embeddable":true,"href":"https:\/\/oefardas.pt\/index.php?rest_route=\/wp\/v2\/media\/3138"}],"wp:attachment":[{"href":"https:\/\/oefardas.pt\/index.php?rest_route=%2Fwp%2Fv2%2Fmedia&parent=3135"}],"wp:term":[{"taxonomy":"product_brand","embeddable":true,"href":"https:\/\/oefardas.pt\/index.php?rest_route=%2Fwp%2Fv2%2Fproduct_brand&post=3135"},{"taxonomy":"product_cat","embeddable":true,"href":"https:\/\/oefardas.pt\/index.php?rest_route=%2Fwp%2Fv2%2Fproduct_cat&post=3135"},{"taxonomy":"product_tag","embeddable":true,"href":"https:\/\/oefardas.pt\/index.php?rest_route=%2Fwp%2Fv2%2Fproduct_tag&post=3135"}],"curies":[{"name":"wp","href":"https:\/\/api.w.org\/{rel}","templated":true}]}}