{"id":3325,"date":"2021-04-21T14:49:02","date_gmt":"2021-04-21T14:49:02","guid":{"rendered":"https:\/\/oefardas.pt\/?post_type=product&#038;p=3325"},"modified":"2021-04-21T14:49:02","modified_gmt":"2021-04-21T14:49:02","slug":"jaleca-de-cozinha-em-microfibra-rest-405209","status":"publish","type":"product","link":"https:\/\/oefardas.pt\/?product=jaleca-de-cozinha-em-microfibra-rest-405209","title":{"rendered":"JALECA DE COZINHA EM MICROFIBRA &#8211; REST\/405209"},"content":{"rendered":"","protected":false},"excerpt":{"rendered":"<p><img loading=\"lazy\" decoding=\"async\" class=\"\" title=\"Microfiber\" src=\"https:\/\/www.velillaconfeccion.com\/media\/rocket\/pictograms\/microfiber.png\" alt=\"Microfiber\" width=\"42\" height=\"37\" \/><\/p>\n<p>Tecido com tratamento antibacteriano e repelente de l\u00edquidos;<br \/>\nFecho central assim\u00e9trico, com bot\u00f5es de press\u00e3o ocultos;<br \/>\nGola mao;<br \/>\nCostas numa pe\u00e7a \u00fanica de tecido respir\u00e1vel Coolmax;<br \/>\nManga estilo alfaiate;<br \/>\nUm bolso de remendo na manga esquerda com dois compartimentos.<\/p>\n<h5>Caracter\u00edsticas:<\/h5>\n<p><strong>MICROFIBRA:<\/strong> 100% POLI\u00c9STER. COOLMAX: 100% POLI\u00c9STER<\/p>\n<h5>Tamanhos:<\/h5>\n<p>XS \u2013 S \u2013 M \u2013 L \u2013 XL \u2013 XXL \u2013 3XL<\/p>\n","protected":false},"featured_media":3326,"template":"","meta":[],"product_brand":[],"product_cat":[44],"product_tag":[],"class_list":{"0":"post-3325","1":"product","2":"type-product","3":"status-publish","4":"has-post-thumbnail","6":"product_cat-hotelaria-restauracao","8":"first","9":"instock","10":"shipping-taxable","11":"product-type-simple"},"_links":{"self":[{"href":"https:\/\/oefardas.pt\/index.php?rest_route=\/wp\/v2\/product\/3325","targetHints":{"allow":["GET"]}}],"collection":[{"href":"https:\/\/oefardas.pt\/index.php?rest_route=\/wp\/v2\/product"}],"about":[{"href":"https:\/\/oefardas.pt\/index.php?rest_route=\/wp\/v2\/types\/product"}],"wp:featuredmedia":[{"embeddable":true,"href":"https:\/\/oefardas.pt\/index.php?rest_route=\/wp\/v2\/media\/3326"}],"wp:attachment":[{"href":"https:\/\/oefardas.pt\/index.php?rest_route=%2Fwp%2Fv2%2Fmedia&parent=3325"}],"wp:term":[{"taxonomy":"product_brand","embeddable":true,"href":"https:\/\/oefardas.pt\/index.php?rest_route=%2Fwp%2Fv2%2Fproduct_brand&post=3325"},{"taxonomy":"product_cat","embeddable":true,"href":"https:\/\/oefardas.pt\/index.php?rest_route=%2Fwp%2Fv2%2Fproduct_cat&post=3325"},{"taxonomy":"product_tag","embeddable":true,"href":"https:\/\/oefardas.pt\/index.php?rest_route=%2Fwp%2Fv2%2Fproduct_tag&post=3325"}],"curies":[{"name":"wp","href":"https:\/\/api.w.org\/{rel}","templated":true}]}}