{"id":3407,"date":"2021-05-05T12:47:51","date_gmt":"2021-05-05T12:47:51","guid":{"rendered":"https:\/\/oefardas.pt\/?post_type=product&#038;p=3407"},"modified":"2021-05-05T12:47:51","modified_gmt":"2021-05-05T12:47:51","slug":"suspensorios-rest-404008","status":"publish","type":"product","link":"https:\/\/oefardas.pt\/?product=suspensorios-rest-404008","title":{"rendered":"SUSPENS\u00d3RIOS &#8211; REST\/404008"},"content":{"rendered":"","protected":false},"excerpt":{"rendered":"<p>Suspens\u00f3rios el\u00e1sticos com 30mm de largura;<br \/>\nTr\u00eas pin\u00e7as de ajuste met\u00e1licas;<br \/>\nPe\u00e7a de couro nas costas.<\/p>\n<h5>Caracter\u00edsticas:<\/h5>\n<p>EL\u00c1STICO: 100% POLI\u00c9STER<\/p>\n<h5>Tamanhos:<\/h5>\n<p>\u00daNICO<\/p>\n","protected":false},"featured_media":3408,"template":"","meta":[],"product_brand":[],"product_cat":[44],"product_tag":[],"class_list":{"0":"post-3407","1":"product","2":"type-product","3":"status-publish","4":"has-post-thumbnail","6":"product_cat-hotelaria-restauracao","8":"first","9":"instock","10":"shipping-taxable","11":"product-type-simple"},"_links":{"self":[{"href":"https:\/\/oefardas.pt\/index.php?rest_route=\/wp\/v2\/product\/3407","targetHints":{"allow":["GET"]}}],"collection":[{"href":"https:\/\/oefardas.pt\/index.php?rest_route=\/wp\/v2\/product"}],"about":[{"href":"https:\/\/oefardas.pt\/index.php?rest_route=\/wp\/v2\/types\/product"}],"wp:featuredmedia":[{"embeddable":true,"href":"https:\/\/oefardas.pt\/index.php?rest_route=\/wp\/v2\/media\/3408"}],"wp:attachment":[{"href":"https:\/\/oefardas.pt\/index.php?rest_route=%2Fwp%2Fv2%2Fmedia&parent=3407"}],"wp:term":[{"taxonomy":"product_brand","embeddable":true,"href":"https:\/\/oefardas.pt\/index.php?rest_route=%2Fwp%2Fv2%2Fproduct_brand&post=3407"},{"taxonomy":"product_cat","embeddable":true,"href":"https:\/\/oefardas.pt\/index.php?rest_route=%2Fwp%2Fv2%2Fproduct_cat&post=3407"},{"taxonomy":"product_tag","embeddable":true,"href":"https:\/\/oefardas.pt\/index.php?rest_route=%2Fwp%2Fv2%2Fproduct_tag&post=3407"}],"curies":[{"name":"wp","href":"https:\/\/api.w.org\/{rel}","templated":true}]}}