{"id":3758,"date":"2021-05-13T20:41:58","date_gmt":"2021-05-13T20:41:58","guid":{"rendered":"https:\/\/oefardas.pt\/?post_type=product&#038;p=3758"},"modified":"2021-05-13T20:41:58","modified_gmt":"2021-05-13T20:41:58","slug":"polo-bombeiros-manga-comprida-bb-13038","status":"publish","type":"product","link":"https:\/\/oefardas.pt\/?product=polo-bombeiros-manga-comprida-bb-13038","title":{"rendered":"P\u00d3LO BOMBEIROS MANGA COMPRIDA &#8211; BB\/13038"},"content":{"rendered":"","protected":false},"excerpt":{"rendered":"<div class=\"woocommerce-product-details__short-description\">\n<p><img loading=\"lazy\" decoding=\"async\" class=\"alignleft\" src=\"https:\/\/www.milinanda.pt\/cliente\/layout\/oficial_bombeiros.png\" width=\"66\" height=\"71\" \/><em>Venda exclusiva \u00e0s entidades certificadas;<br \/>\nNecess\u00e1ria a identifica\u00e7\u00e3o ou requisi\u00e7\u00e3o.<\/em><\/p>\n<p>&nbsp;<\/p>\n<p>Fabrico Nacional;<br \/>\nManga comprida.<\/p>\n<h5>Caracter\u00edsticas:<\/h5>\n<p><span id=\"ctl00_ContentPlaceHolder1_lblIntroducao\" class=\"txtNormal\">100% Algod\u00e3o<\/span><\/p>\n<h5>Tamanhos:<\/h5>\n<p>XS &#8211; S \u2013 M \u2013 L \u2013 XL &#8211; XXL<\/p>\n<\/div>\n","protected":false},"featured_media":3760,"template":"","meta":[],"product_brand":[],"product_cat":[49],"product_tag":[],"class_list":{"0":"post-3758","1":"product","2":"type-product","3":"status-publish","4":"has-post-thumbnail","6":"product_cat-bombeiros","8":"first","9":"instock","10":"shipping-taxable","11":"product-type-simple"},"_links":{"self":[{"href":"https:\/\/oefardas.pt\/index.php?rest_route=\/wp\/v2\/product\/3758","targetHints":{"allow":["GET"]}}],"collection":[{"href":"https:\/\/oefardas.pt\/index.php?rest_route=\/wp\/v2\/product"}],"about":[{"href":"https:\/\/oefardas.pt\/index.php?rest_route=\/wp\/v2\/types\/product"}],"wp:featuredmedia":[{"embeddable":true,"href":"https:\/\/oefardas.pt\/index.php?rest_route=\/wp\/v2\/media\/3760"}],"wp:attachment":[{"href":"https:\/\/oefardas.pt\/index.php?rest_route=%2Fwp%2Fv2%2Fmedia&parent=3758"}],"wp:term":[{"taxonomy":"product_brand","embeddable":true,"href":"https:\/\/oefardas.pt\/index.php?rest_route=%2Fwp%2Fv2%2Fproduct_brand&post=3758"},{"taxonomy":"product_cat","embeddable":true,"href":"https:\/\/oefardas.pt\/index.php?rest_route=%2Fwp%2Fv2%2Fproduct_cat&post=3758"},{"taxonomy":"product_tag","embeddable":true,"href":"https:\/\/oefardas.pt\/index.php?rest_route=%2Fwp%2Fv2%2Fproduct_tag&post=3758"}],"curies":[{"name":"wp","href":"https:\/\/api.w.org\/{rel}","templated":true}]}}