{"id":3835,"date":"2021-07-12T23:53:59","date_gmt":"2021-07-12T23:53:59","guid":{"rendered":"https:\/\/oefardas.pt\/?post_type=product&#038;p=3835"},"modified":"2021-07-13T17:46:17","modified_gmt":"2021-07-13T17:46:17","slug":"bota-swat-alfa-fury-6-calc-173001","status":"publish","type":"product","link":"https:\/\/oefardas.pt\/?product=bota-swat-alfa-fury-6-calc-173001","title":{"rendered":"BOTA SWAT ALFA FURY 6 &#8211; CAL\u00c7\/173001"},"content":{"rendered":"","protected":false},"excerpt":{"rendered":"<p>Quando a agilidade \u00e9 o importante, o Alpha Fury 6&#8243; \u00e9 uma bota de alto desempenho, leve.<br \/>\nConstru\u00edda com o conforto e a flexibilidade de um sapato desportivo, combinada com a estabilidade, confiabilidade e funcionalidade de uma bota t\u00e1tica que funciona durante todo o dia.<\/p>\n<h5>Caracteristicas:<\/h5>\n<p>Sola de borracha resistente ao deslizamento;<br \/>\nEntressola de EVA moldada com haste de nylon para suporte superior;<br \/>\nMalha de poli\u00e9ster de secagem r\u00e1pida e parte superior do plut\u00f4nio de microfibra;<br \/>\nNenhuma constru\u00e7\u00e3o de ponto na \u00e1rea do antep\u00e9 para criar peso leve e flexibilidade;<br \/>\nConstru\u00e7\u00e3o amig\u00e1vel do aeroporto;<br \/>\nSistema de ajuste r\u00e1pido UFit para um ajuste mais r\u00e1pido e confort\u00e1vel;<br \/>\nSola interm\u00e9dia EVA de densidade dupla moldada e leve com zona de absor\u00e7\u00e3o de choques para controlo de fadiga;<br \/>\nL\u00edngua refor\u00e7ada para manter a sujeira e detritos fora;<br \/>\nContador de calcanhar termopl\u00e1stico moldado personalizado e caixa de dedo do p\u00e9 para conforto imediato e prote\u00e7\u00e3o;<br \/>\nAlmofada de Aquiles fixa proporciona maior conforto e estabilidade na gola.<\/p>\n<h5>Tamanhos:<\/h5>\n<p>35 at\u00e9 48<\/p>\n","protected":false},"featured_media":3836,"template":"","meta":[],"product_brand":[],"product_cat":[49,50,43,52,48],"product_tag":[],"class_list":{"0":"post-3835","1":"product","2":"type-product","3":"status-publish","4":"has-post-thumbnail","6":"product_cat-bombeiros","7":"product_cat-socas","8":"product_cat-gnr","9":"product_cat-seguranca","10":"product_cat-servicos-prisionais","12":"first","13":"instock","14":"shipping-taxable","15":"product-type-simple"},"_links":{"self":[{"href":"https:\/\/oefardas.pt\/index.php?rest_route=\/wp\/v2\/product\/3835","targetHints":{"allow":["GET"]}}],"collection":[{"href":"https:\/\/oefardas.pt\/index.php?rest_route=\/wp\/v2\/product"}],"about":[{"href":"https:\/\/oefardas.pt\/index.php?rest_route=\/wp\/v2\/types\/product"}],"wp:featuredmedia":[{"embeddable":true,"href":"https:\/\/oefardas.pt\/index.php?rest_route=\/wp\/v2\/media\/3836"}],"wp:attachment":[{"href":"https:\/\/oefardas.pt\/index.php?rest_route=%2Fwp%2Fv2%2Fmedia&parent=3835"}],"wp:term":[{"taxonomy":"product_brand","embeddable":true,"href":"https:\/\/oefardas.pt\/index.php?rest_route=%2Fwp%2Fv2%2Fproduct_brand&post=3835"},{"taxonomy":"product_cat","embeddable":true,"href":"https:\/\/oefardas.pt\/index.php?rest_route=%2Fwp%2Fv2%2Fproduct_cat&post=3835"},{"taxonomy":"product_tag","embeddable":true,"href":"https:\/\/oefardas.pt\/index.php?rest_route=%2Fwp%2Fv2%2Fproduct_tag&post=3835"}],"curies":[{"name":"wp","href":"https:\/\/api.w.org\/{rel}","templated":true}]}}