{"id":4071,"date":"2021-07-27T16:38:54","date_gmt":"2021-07-27T16:38:54","guid":{"rendered":"https:\/\/oefardas.pt\/?post_type=product&#038;p=4071"},"modified":"2021-07-27T16:38:54","modified_gmt":"2021-07-27T16:38:54","slug":"varias-divisas-peito-para-polos-gnr-gnr-d900","status":"publish","type":"product","link":"https:\/\/oefardas.pt\/?product=varias-divisas-peito-para-polos-gnr-gnr-d900","title":{"rendered":"V\u00c1RIAS DIVISAS PEITO PARA P\u00d3LOS GNR &#8211; GNR\/D900"},"content":{"rendered":"","protected":false},"excerpt":{"rendered":"<div class=\"boxOficiais\">\n<div id=\"ctl00_ContentPlaceHolder1_ofGnr\" class=\"boxLogoOficial\"><img loading=\"lazy\" decoding=\"async\" class=\"alignleft\" src=\"https:\/\/www.milinanda.pt\/cliente\/layout\/oficial_gnr.png\" width=\"59\" height=\"61\" \/><em>ARTIGO OFICIAL<\/em><\/div>\n<div class=\"boxLogoOficial\">Venda Exclusiva \u00e0s entidades, com identifica\u00e7\u00e3o ou requisi\u00e7\u00e3o do Comando.<\/div>\n<\/div>\n<p>&nbsp;<\/p>\n<p>Divisas com Velcro para Polo;<br \/>\nFundo Verde.<\/p>\n<h5>Tamanhos:<\/h5>\n<p>5cm X 3.5cm<\/p>\n","protected":false},"featured_media":4086,"template":"","meta":[],"product_brand":[],"product_cat":[43],"product_tag":[],"class_list":{"0":"post-4071","1":"product","2":"type-product","3":"status-publish","4":"has-post-thumbnail","6":"product_cat-gnr","8":"first","9":"instock","10":"shipping-taxable","11":"product-type-simple"},"_links":{"self":[{"href":"https:\/\/oefardas.pt\/index.php?rest_route=\/wp\/v2\/product\/4071","targetHints":{"allow":["GET"]}}],"collection":[{"href":"https:\/\/oefardas.pt\/index.php?rest_route=\/wp\/v2\/product"}],"about":[{"href":"https:\/\/oefardas.pt\/index.php?rest_route=\/wp\/v2\/types\/product"}],"wp:featuredmedia":[{"embeddable":true,"href":"https:\/\/oefardas.pt\/index.php?rest_route=\/wp\/v2\/media\/4086"}],"wp:attachment":[{"href":"https:\/\/oefardas.pt\/index.php?rest_route=%2Fwp%2Fv2%2Fmedia&parent=4071"}],"wp:term":[{"taxonomy":"product_brand","embeddable":true,"href":"https:\/\/oefardas.pt\/index.php?rest_route=%2Fwp%2Fv2%2Fproduct_brand&post=4071"},{"taxonomy":"product_cat","embeddable":true,"href":"https:\/\/oefardas.pt\/index.php?rest_route=%2Fwp%2Fv2%2Fproduct_cat&post=4071"},{"taxonomy":"product_tag","embeddable":true,"href":"https:\/\/oefardas.pt\/index.php?rest_route=%2Fwp%2Fv2%2Fproduct_tag&post=4071"}],"curies":[{"name":"wp","href":"https:\/\/api.w.org\/{rel}","templated":true}]}}