{"id":4111,"date":"2021-07-27T16:48:12","date_gmt":"2021-07-27T16:48:12","guid":{"rendered":"https:\/\/oefardas.pt\/?post_type=product&#038;p=4111"},"modified":"2021-07-27T16:48:12","modified_gmt":"2021-07-27T16:48:12","slug":"emblema-aborracado-gnr-gnr-e850gnr","status":"publish","type":"product","link":"https:\/\/oefardas.pt\/?product=emblema-aborracado-gnr-gnr-e850gnr","title":{"rendered":"EMBLEMA ABORRACADO GNR &#8211; GNR\/E850GNR"},"content":{"rendered":"","protected":false},"excerpt":{"rendered":"<div class=\"boxOficiais\">\n<div id=\"ctl00_ContentPlaceHolder1_ofGnr\" class=\"boxLogoOficial\"><img loading=\"lazy\" decoding=\"async\" class=\"alignleft\" src=\"https:\/\/www.milinanda.pt\/cliente\/layout\/oficial_gnr.png\" width=\"59\" height=\"61\" \/><em>ARTIGO OFICIAL<\/em><\/div>\n<div class=\"boxLogoOficial\">Venda Exclusiva \u00e0s entidades, com identifica\u00e7\u00e3o ou requisi\u00e7\u00e3o do Comando.<\/div>\n<\/div>\n<p>&nbsp;<\/p>\n<p>A<span id=\"ctl00_ContentPlaceHolder1_lblIntroducao\" class=\"txtNormal\">rmas de peito da GNR em velcro.<\/span><\/p>\n<h5>Tamanhos:<\/h5>\n<p>7,5cm X 10cm<\/p>\n","protected":false},"featured_media":4113,"template":"","meta":[],"product_brand":[],"product_cat":[43],"product_tag":[],"class_list":{"0":"post-4111","1":"product","2":"type-product","3":"status-publish","4":"has-post-thumbnail","6":"product_cat-gnr","8":"first","9":"instock","10":"shipping-taxable","11":"product-type-simple"},"_links":{"self":[{"href":"https:\/\/oefardas.pt\/index.php?rest_route=\/wp\/v2\/product\/4111","targetHints":{"allow":["GET"]}}],"collection":[{"href":"https:\/\/oefardas.pt\/index.php?rest_route=\/wp\/v2\/product"}],"about":[{"href":"https:\/\/oefardas.pt\/index.php?rest_route=\/wp\/v2\/types\/product"}],"wp:featuredmedia":[{"embeddable":true,"href":"https:\/\/oefardas.pt\/index.php?rest_route=\/wp\/v2\/media\/4113"}],"wp:attachment":[{"href":"https:\/\/oefardas.pt\/index.php?rest_route=%2Fwp%2Fv2%2Fmedia&parent=4111"}],"wp:term":[{"taxonomy":"product_brand","embeddable":true,"href":"https:\/\/oefardas.pt\/index.php?rest_route=%2Fwp%2Fv2%2Fproduct_brand&post=4111"},{"taxonomy":"product_cat","embeddable":true,"href":"https:\/\/oefardas.pt\/index.php?rest_route=%2Fwp%2Fv2%2Fproduct_cat&post=4111"},{"taxonomy":"product_tag","embeddable":true,"href":"https:\/\/oefardas.pt\/index.php?rest_route=%2Fwp%2Fv2%2Fproduct_tag&post=4111"}],"curies":[{"name":"wp","href":"https:\/\/api.w.org\/{rel}","templated":true}]}}