{"id":4126,"date":"2021-07-27T17:33:17","date_gmt":"2021-07-27T17:33:17","guid":{"rendered":"https:\/\/oefardas.pt\/?post_type=product&#038;p=4126"},"modified":"2021-07-27T17:33:17","modified_gmt":"2021-07-27T17:33:17","slug":"passadores-gnr-cabo-chefe-gnr-p132","status":"publish","type":"product","link":"https:\/\/oefardas.pt\/?product=passadores-gnr-cabo-chefe-gnr-p132","title":{"rendered":"PASSADORES GNR CABO CHEFE &#8211; GNR\/P132"},"content":{"rendered":"","protected":false},"excerpt":{"rendered":"<div class=\"boxOficiais\">\n<div id=\"ctl00_ContentPlaceHolder1_ofGnr\" class=\"boxLogoOficial\"><img loading=\"lazy\" decoding=\"async\" class=\"alignleft\" src=\"https:\/\/www.milinanda.pt\/cliente\/layout\/oficial_gnr.png\" width=\"59\" height=\"61\" \/><em>ARTIGO OFICIAL<\/em><\/div>\n<div class=\"boxLogoOficial\">Venda Exclusiva \u00e0s entidades, com identifica\u00e7\u00e3o ou requisi\u00e7\u00e3o do Comando.<\/div>\n<\/div>\n<p>&nbsp;<\/p>\n<p>Fundo verde.<\/p>\n","protected":false},"featured_media":4127,"template":"","meta":[],"product_brand":[],"product_cat":[43],"product_tag":[],"class_list":{"0":"post-4126","1":"product","2":"type-product","3":"status-publish","4":"has-post-thumbnail","6":"product_cat-gnr","8":"first","9":"instock","10":"shipping-taxable","11":"product-type-simple"},"_links":{"self":[{"href":"https:\/\/oefardas.pt\/index.php?rest_route=\/wp\/v2\/product\/4126","targetHints":{"allow":["GET"]}}],"collection":[{"href":"https:\/\/oefardas.pt\/index.php?rest_route=\/wp\/v2\/product"}],"about":[{"href":"https:\/\/oefardas.pt\/index.php?rest_route=\/wp\/v2\/types\/product"}],"wp:featuredmedia":[{"embeddable":true,"href":"https:\/\/oefardas.pt\/index.php?rest_route=\/wp\/v2\/media\/4127"}],"wp:attachment":[{"href":"https:\/\/oefardas.pt\/index.php?rest_route=%2Fwp%2Fv2%2Fmedia&parent=4126"}],"wp:term":[{"taxonomy":"product_brand","embeddable":true,"href":"https:\/\/oefardas.pt\/index.php?rest_route=%2Fwp%2Fv2%2Fproduct_brand&post=4126"},{"taxonomy":"product_cat","embeddable":true,"href":"https:\/\/oefardas.pt\/index.php?rest_route=%2Fwp%2Fv2%2Fproduct_cat&post=4126"},{"taxonomy":"product_tag","embeddable":true,"href":"https:\/\/oefardas.pt\/index.php?rest_route=%2Fwp%2Fv2%2Fproduct_tag&post=4126"}],"curies":[{"name":"wp","href":"https:\/\/api.w.org\/{rel}","templated":true}]}}