{"id":4135,"date":"2021-07-28T13:25:36","date_gmt":"2021-07-28T13:25:36","guid":{"rendered":"https:\/\/oefardas.pt\/?post_type=product&#038;p=4135"},"modified":"2021-07-28T13:25:37","modified_gmt":"2021-07-28T13:25:37","slug":"t-shirt-preta-bordada-gnr-gnr-422","status":"publish","type":"product","link":"https:\/\/oefardas.pt\/?product=t-shirt-preta-bordada-gnr-gnr-422","title":{"rendered":"T-SHIRT PRETA BORDADA GNR &#8211; GNR\/422"},"content":{"rendered":"","protected":false},"excerpt":{"rendered":"<div id=\"ctl00_ContentPlaceHolder1_ofGnr\" class=\"boxLogoOficial\"><img loading=\"lazy\" decoding=\"async\" class=\"alignleft\" src=\"https:\/\/www.milinanda.pt\/cliente\/layout\/oficial_gnr.png\" width=\"59\" height=\"61\" \/><em>ARTIGO OFICIAL<\/em><\/div>\n<div class=\"boxLogoOficial\">Venda Exclusiva \u00e0s entidades, com identifica\u00e7\u00e3o ou requisi\u00e7\u00e3o do Comando.<\/div>\n<div><\/div>\n<div><\/div>\n<div>\n<p>&nbsp;<\/p>\n<p>Cor preta com bordado &#8220;GNR&#8221;.<\/p>\n<h5>Caracter\u00edsticas:<\/h5>\n<p>100% Algod\u00e3o<\/p>\n<h5>Tamanhos:<\/h5>\n<p>S \u2013 M \u2013 L \u2013 XL<\/p>\n<\/div>\n","protected":false},"featured_media":4137,"template":"","meta":[],"product_brand":[],"product_cat":[43],"product_tag":[],"class_list":{"0":"post-4135","1":"product","2":"type-product","3":"status-publish","4":"has-post-thumbnail","6":"product_cat-gnr","8":"first","9":"instock","10":"shipping-taxable","11":"product-type-simple"},"_links":{"self":[{"href":"https:\/\/oefardas.pt\/index.php?rest_route=\/wp\/v2\/product\/4135","targetHints":{"allow":["GET"]}}],"collection":[{"href":"https:\/\/oefardas.pt\/index.php?rest_route=\/wp\/v2\/product"}],"about":[{"href":"https:\/\/oefardas.pt\/index.php?rest_route=\/wp\/v2\/types\/product"}],"wp:featuredmedia":[{"embeddable":true,"href":"https:\/\/oefardas.pt\/index.php?rest_route=\/wp\/v2\/media\/4137"}],"wp:attachment":[{"href":"https:\/\/oefardas.pt\/index.php?rest_route=%2Fwp%2Fv2%2Fmedia&parent=4135"}],"wp:term":[{"taxonomy":"product_brand","embeddable":true,"href":"https:\/\/oefardas.pt\/index.php?rest_route=%2Fwp%2Fv2%2Fproduct_brand&post=4135"},{"taxonomy":"product_cat","embeddable":true,"href":"https:\/\/oefardas.pt\/index.php?rest_route=%2Fwp%2Fv2%2Fproduct_cat&post=4135"},{"taxonomy":"product_tag","embeddable":true,"href":"https:\/\/oefardas.pt\/index.php?rest_route=%2Fwp%2Fv2%2Fproduct_tag&post=4135"}],"curies":[{"name":"wp","href":"https:\/\/api.w.org\/{rel}","templated":true}]}}